{"id":184036,"date":"2021-08-30T13:29:51","date_gmt":"2021-08-30T13:29:51","guid":{"rendered":"https:\/\/www.robert-laroche.com\/produkt\/harry-2-copy\/"},"modified":"2023-03-29T07:29:21","modified_gmt":"2023-03-29T07:29:21","slug":"visconti-2","status":"publish","type":"product","link":"https:\/\/www.robert-laroche.com\/en\/product\/visconti-2\/","title":{"rendered":"VISCONTI"},"content":{"rendered":"<table class=\"tg-ta\" style=\"width: 100%; height: 164px;\">\n<thead><\/thead>\n<tbody>\n<tr style=\"height: 41px;\">\n<td class=\"tg-0pky\" style=\"font-weight: bold; width: 250px; height: 41px;\">Frame color:<\/td>\n<td class=\"tg-0lax\" style=\"height: 41px;\">Green<\/td>\n<\/tr>\n<tr style=\"height: 41px;\">\n<td class=\"tg-0lax\" style=\"font-weight: bold; width: 250px; height: 41px;\">Glass color:<\/td>\n<td class=\"tg-0lax\" style=\"height: 41px;\">Brown gradient<\/td>\n<\/tr>\n<tr style=\"height: 41px;\">\n<td class=\"tg-0lax\" style=\"font-weight: bold; width: 250px; height: 41px;\">Size:<\/td>\n<td class=\"tg-0lax\" style=\"height: 41px;\">54-20-145<\/td>\n<\/tr>\n<tr style=\"height: 41px;\">\n<td class=\"tg-0lax\" style=\"font-weight: bold; width: 250px; height: 41px;\">Shape:<\/td>\n<td class=\"tg-0lax\" style=\"height: 41px;\">Square<\/td>\n<\/tr>\n<\/tbody>\n<\/table>","protected":false},"excerpt":{"rendered":"<p>Visconti- Eine Herren Sonnenbrille aus unserer neuen Acetat Sonnenbrillen-Kollektion in seiner sch\u00f6nsten Form. Designt in \u00d6sterreich, hergestellt in sorgf\u00e4ltiger Handarbeit in Italien. Mit subtilem Charme und zeitloser Eleganz unterstreicht es das Design der Les Deux H und verleiht jedem Augenblick den Hauch des Besonderen.<\/p>","protected":false},"featured_media":184255,"template":"","meta":[],"product_cat":[1230,36,1162,1156,1155],"product_tag":[],"_links":{"self":[{"href":"https:\/\/www.robert-laroche.com\/en\/wp-json\/wp\/v2\/product\/184036"}],"collection":[{"href":"https:\/\/www.robert-laroche.com\/en\/wp-json\/wp\/v2\/product"}],"about":[{"href":"https:\/\/www.robert-laroche.com\/en\/wp-json\/wp\/v2\/types\/product"}],"version-history":[{"count":3,"href":"https:\/\/www.robert-laroche.com\/en\/wp-json\/wp\/v2\/product\/184036\/revisions"}],"predecessor-version":[{"id":184049,"href":"https:\/\/www.robert-laroche.com\/en\/wp-json\/wp\/v2\/product\/184036\/revisions\/184049"}],"wp:featuredmedia":[{"embeddable":true,"href":"https:\/\/www.robert-laroche.com\/en\/wp-json\/wp\/v2\/media\/184255"}],"wp:attachment":[{"href":"https:\/\/www.robert-laroche.com\/en\/wp-json\/wp\/v2\/media?parent=184036"}],"wp:term":[{"taxonomy":"product_cat","embeddable":true,"href":"https:\/\/www.robert-laroche.com\/en\/wp-json\/wp\/v2\/product_cat?post=184036"},{"taxonomy":"product_tag","embeddable":true,"href":"https:\/\/www.robert-laroche.com\/en\/wp-json\/wp\/v2\/product_tag?post=184036"}],"curies":[{"name":"wp","href":"https:\/\/api.w.org\/{rel}","templated":true}]}}