{"id":18646,"date":"2023-01-30T09:51:09","date_gmt":"2023-01-30T09:51:09","guid":{"rendered":"https:\/\/www.robert-laroche.com\/?post_type=product&#038;p=18646"},"modified":"2023-10-31T14:15:58","modified_gmt":"2023-10-31T14:15:58","slug":"marlene","status":"publish","type":"product","link":"https:\/\/www.robert-laroche.com\/en\/product\/marlene\/","title":{"rendered":"MARLENE"},"content":{"rendered":"<table class=\"tg-ta\" style=\"width: 100%; height: 164px;\">\n<thead><\/thead>\n<tbody>\n<tr style=\"height: 41px;\">\n<td class=\"tg-0pky\" style=\"font-weight: bold; width: 250px; height: 41px;\">Frame color:<\/td>\n<td class=\"tg-0lax\" style=\"height: 41px;\">Crocodile Green<\/td>\n<\/tr>\n<tr style=\"height: 41px;\">\n<td class=\"tg-0lax\" style=\"font-weight: bold; width: 250px; height: 41px;\">Glass color:<\/td>\n<td class=\"tg-0lax\" style=\"height: 41px;\">Transparent<\/td>\n<\/tr>\n<tr style=\"height: 41px;\">\n<td class=\"tg-0lax\" style=\"font-weight: bold; width: 250px; height: 41px;\">Size:<\/td>\n<td class=\"tg-0lax\" style=\"height: 41px;\">54-21-145<\/td>\n<\/tr>\n<tr style=\"height: 41px;\">\n<td class=\"tg-0lax\" style=\"font-weight: bold; width: 250px; height: 41px;\">Shape:<\/td>\n<td class=\"tg-0lax\" style=\"height: 41px;\">Sqaure<\/td>\n<\/tr>\n<\/tbody>\n<\/table>","protected":false},"excerpt":{"rendered":"<p>Marlene &#8211; Eine Damen Brille aus unserer neuen Acetat Kollektion in seiner sch\u00f6nsten Form. Designt in \u00d6sterreich, hergestellt in sorgf\u00e4ltiger Handarbeit in Italien. Mit subtilem Charme und zeitloser Eleganz unterstreicht es das Design der Les Deux H und verleiht jedem Augenblick den Hauch des Besonderen.<\/p>","protected":false},"featured_media":240717,"template":"","meta":[],"product_cat":[1230,37,1161],"product_tag":[],"_links":{"self":[{"href":"https:\/\/www.robert-laroche.com\/en\/wp-json\/wp\/v2\/product\/18646"}],"collection":[{"href":"https:\/\/www.robert-laroche.com\/en\/wp-json\/wp\/v2\/product"}],"about":[{"href":"https:\/\/www.robert-laroche.com\/en\/wp-json\/wp\/v2\/types\/product"}],"version-history":[{"count":6,"href":"https:\/\/www.robert-laroche.com\/en\/wp-json\/wp\/v2\/product\/18646\/revisions"}],"predecessor-version":[{"id":240787,"href":"https:\/\/www.robert-laroche.com\/en\/wp-json\/wp\/v2\/product\/18646\/revisions\/240787"}],"wp:featuredmedia":[{"embeddable":true,"href":"https:\/\/www.robert-laroche.com\/en\/wp-json\/wp\/v2\/media\/240717"}],"wp:attachment":[{"href":"https:\/\/www.robert-laroche.com\/en\/wp-json\/wp\/v2\/media?parent=18646"}],"wp:term":[{"taxonomy":"product_cat","embeddable":true,"href":"https:\/\/www.robert-laroche.com\/en\/wp-json\/wp\/v2\/product_cat?post=18646"},{"taxonomy":"product_tag","embeddable":true,"href":"https:\/\/www.robert-laroche.com\/en\/wp-json\/wp\/v2\/product_tag?post=18646"}],"curies":[{"name":"wp","href":"https:\/\/api.w.org\/{rel}","templated":true}]}}