{"id":199109,"date":"2021-09-16T13:26:10","date_gmt":"2021-09-16T13:26:10","guid":{"rendered":"https:\/\/www.robert-laroche.com\/produkt\/visconti-2-copy\/"},"modified":"2023-10-31T14:16:41","modified_gmt":"2023-10-31T14:16:41","slug":"gene-2","status":"publish","type":"product","link":"https:\/\/www.robert-laroche.com\/en\/product\/gene-2\/","title":{"rendered":"GENE"},"content":{"rendered":"<table class=\"tg-ta\" style=\"width: 100%; height: 164px;\">\n<thead><\/thead>\n<tbody>\n<tr style=\"height: 41px;\">\n<td class=\"tg-0pky\" style=\"font-weight: bold; width: 250px; height: 41px;\">Frame color:<\/td>\n<td class=\"tg-0lax\" style=\"height: 41px;\">Navy Blue<\/td>\n<\/tr>\n<tr style=\"height: 41px;\">\n<td class=\"tg-0lax\" style=\"font-weight: bold; width: 250px; height: 41px;\">Glass color:<\/td>\n<td class=\"tg-0lax\" style=\"height: 41px;\">Gradiant Blue + Gold Flash<\/td>\n<\/tr>\n<tr style=\"height: 41px;\">\n<td class=\"tg-0lax\" style=\"font-weight: bold; width: 250px; height: 41px;\">Size:<\/td>\n<td class=\"tg-0lax\" style=\"height: 41px;\">50-23-145<\/td>\n<\/tr>\n<tr style=\"height: 41px;\">\n<td class=\"tg-0lax\" style=\"font-weight: bold; width: 250px; height: 41px;\">Shape:<\/td>\n<td class=\"tg-0lax\" style=\"height: 41px;\">Round<\/td>\n<\/tr>\n<\/tbody>\n<\/table>","protected":false},"excerpt":{"rendered":"<p>Gene &#8211; Eine Damen Sonnenbrille aus unserer neuen Acetat Sonnenbrillen-Kollektion in seiner sch\u00f6nsten Form. Designt in \u00d6sterreich, hergestellt in sorgf\u00e4ltiger Handarbeit in Italien. Mit subtilem Charme und zeitloser Eleganz unterstreicht es das Design der Les Deux H und verleiht jedem Augenblick den Hauch des Besonderen.<\/p>","protected":false},"featured_media":240636,"template":"","meta":[],"product_cat":[1230,36,1162,1156,1155],"product_tag":[],"_links":{"self":[{"href":"https:\/\/www.robert-laroche.com\/en\/wp-json\/wp\/v2\/product\/199109"}],"collection":[{"href":"https:\/\/www.robert-laroche.com\/en\/wp-json\/wp\/v2\/product"}],"about":[{"href":"https:\/\/www.robert-laroche.com\/en\/wp-json\/wp\/v2\/types\/product"}],"version-history":[{"count":3,"href":"https:\/\/www.robert-laroche.com\/en\/wp-json\/wp\/v2\/product\/199109\/revisions"}],"predecessor-version":[{"id":240843,"href":"https:\/\/www.robert-laroche.com\/en\/wp-json\/wp\/v2\/product\/199109\/revisions\/240843"}],"wp:featuredmedia":[{"embeddable":true,"href":"https:\/\/www.robert-laroche.com\/en\/wp-json\/wp\/v2\/media\/240636"}],"wp:attachment":[{"href":"https:\/\/www.robert-laroche.com\/en\/wp-json\/wp\/v2\/media?parent=199109"}],"wp:term":[{"taxonomy":"product_cat","embeddable":true,"href":"https:\/\/www.robert-laroche.com\/en\/wp-json\/wp\/v2\/product_cat?post=199109"},{"taxonomy":"product_tag","embeddable":true,"href":"https:\/\/www.robert-laroche.com\/en\/wp-json\/wp\/v2\/product_tag?post=199109"}],"curies":[{"name":"wp","href":"https:\/\/api.w.org\/{rel}","templated":true}]}}