{"id":234193,"date":"2022-01-26T08:39:05","date_gmt":"2022-01-26T08:39:05","guid":{"rendered":"https:\/\/www.robert-laroche.com\/?post_type=product&#038;p=234193"},"modified":"2024-02-26T11:44:09","modified_gmt":"2024-02-26T11:44:09","slug":"robert","status":"publish","type":"product","link":"https:\/\/www.robert-laroche.com\/en\/product\/robert\/","title":{"rendered":"ROBERT"},"content":{"rendered":"<table class=\"tg-ta\" style=\"width: 100%; height: 164px;\">\n<thead><\/thead>\n<tbody>\n<tr style=\"height: 41px;\">\n<td class=\"tg-0pky\" style=\"font-weight: bold; width: 250px; height: 41px;\">Frame color:<\/td>\n<td class=\"tg-0lax\" style=\"height: 41px;\">Green<\/td>\n<\/tr>\n<tr style=\"height: 41px;\">\n<td class=\"tg-0lax\" style=\"font-weight: bold; width: 250px; height: 41px;\">Glass color:<\/td>\n<td class=\"tg-0lax\" style=\"height: 41px;\">Brown gradient<\/td>\n<\/tr>\n<tr style=\"height: 41px;\">\n<td class=\"tg-0lax\" style=\"font-weight: bold; width: 250px; height: 41px;\">Size:<\/td>\n<td class=\"tg-0lax\" style=\"height: 41px;\">56-18-145<\/td>\n<\/tr>\n<tr style=\"height: 41px;\">\n<td class=\"tg-0lax\" style=\"font-weight: bold; width: 250px; height: 41px;\">Shape:<\/td>\n<td class=\"tg-0lax\" style=\"height: 41px;\">Aviator<\/td>\n<\/tr>\n<\/tbody>\n<\/table>","protected":false},"excerpt":{"rendered":"<p>Robert &#8211; Eine Damen und Herren Sonnenbrille aus unserer neuen Acetat Sonnenbrillen-Kollektion in seiner sch\u00f6nsten Form. Designt in \u00d6sterreich, hergestellt in sorgf\u00e4ltiger Handarbeit in Italien. Mit subtilem Charme und zeitloser Eleganz unterstreicht es das Design der Les Deux H und verleiht jedem Augenblick den Hauch des Besonderen.<\/p>","protected":false},"featured_media":234198,"template":"","meta":[],"product_cat":[1230,36,1162,1156],"product_tag":[],"_links":{"self":[{"href":"https:\/\/www.robert-laroche.com\/en\/wp-json\/wp\/v2\/product\/234193"}],"collection":[{"href":"https:\/\/www.robert-laroche.com\/en\/wp-json\/wp\/v2\/product"}],"about":[{"href":"https:\/\/www.robert-laroche.com\/en\/wp-json\/wp\/v2\/types\/product"}],"version-history":[{"count":1,"href":"https:\/\/www.robert-laroche.com\/en\/wp-json\/wp\/v2\/product\/234193\/revisions"}],"predecessor-version":[{"id":234217,"href":"https:\/\/www.robert-laroche.com\/en\/wp-json\/wp\/v2\/product\/234193\/revisions\/234217"}],"wp:featuredmedia":[{"embeddable":true,"href":"https:\/\/www.robert-laroche.com\/en\/wp-json\/wp\/v2\/media\/234198"}],"wp:attachment":[{"href":"https:\/\/www.robert-laroche.com\/en\/wp-json\/wp\/v2\/media?parent=234193"}],"wp:term":[{"taxonomy":"product_cat","embeddable":true,"href":"https:\/\/www.robert-laroche.com\/en\/wp-json\/wp\/v2\/product_cat?post=234193"},{"taxonomy":"product_tag","embeddable":true,"href":"https:\/\/www.robert-laroche.com\/en\/wp-json\/wp\/v2\/product_tag?post=234193"}],"curies":[{"name":"wp","href":"https:\/\/api.w.org\/{rel}","templated":true}]}}