{"id":238955,"date":"2022-11-24T15:05:24","date_gmt":"2022-11-24T15:05:24","guid":{"rendered":"https:\/\/www.robert-laroche.com\/produkt\/panthera-copy\/"},"modified":"2024-02-26T10:35:10","modified_gmt":"2024-02-26T10:35:10","slug":"simone-2","status":"publish","type":"product","link":"https:\/\/www.robert-laroche.com\/en\/product\/simone-2\/","title":{"rendered":"SIMONE"},"content":{"rendered":"<table class=\"tg-ta\" style=\"width: 100%; height: 164px;\">\n<thead><\/thead>\n<tbody>\n<tr style=\"height: 41px;\">\n<td class=\"tg-0pky\" style=\"font-weight: bold; width: 250px; height: 41px;\">Frame color:<\/td>\n<td class=\"tg-0lax\" style=\"height: 41px;\">Beige<\/td>\n<\/tr>\n<tr style=\"height: 41px;\">\n<td class=\"tg-0lax\" style=\"font-weight: bold; width: 250px; height: 41px;\">Glass color:<\/td>\n<td class=\"tg-0lax\" style=\"height: 41px;\">MONO SMOKE<\/td>\n<\/tr>\n<tr style=\"height: 41px;\">\n<td class=\"tg-0lax\" style=\"font-weight: bold; width: 250px; height: 41px;\">Size:<\/td>\n<td class=\"tg-0lax\" style=\"height: 41px;\">52-17-145\n<\/td>\n<\/tr>\n<tr style=\"height: 41px;\">\n<td class=\"tg-0lax\" style=\"font-weight: bold; width: 250px; height: 41px;\">Shape:<\/td>\n<td class=\"tg-0lax\" style=\"height: 41px;\">SQUARE\n<\/td>\n<\/tr>\n<\/tbody>\n<\/table>","protected":false},"excerpt":{"rendered":"<p>Simone setzt ein klares Ausrufezeichen im Auftreten und eignet sich perfekt f\u00fcr Damen. Unsere Simone ist aus hochwertigem Acetat in seiner sch\u00f6nsten Form, hergestellt in sorgf\u00e4ltiger Handarbeit in Italien. Mit subtilem Charme und zeitloser Eleganz unterstreicht die Design Liaison Robert La Roche + Les Deux H Kollektion die Pers\u00f6nlichkeit und verleiht jedem Augenblick den Hauch des Besonderen.<\/p>","protected":false},"featured_media":238966,"template":"","meta":[],"product_cat":[1230,36,1156],"product_tag":[],"_links":{"self":[{"href":"https:\/\/www.robert-laroche.com\/en\/wp-json\/wp\/v2\/product\/238955"}],"collection":[{"href":"https:\/\/www.robert-laroche.com\/en\/wp-json\/wp\/v2\/product"}],"about":[{"href":"https:\/\/www.robert-laroche.com\/en\/wp-json\/wp\/v2\/types\/product"}],"version-history":[{"count":4,"href":"https:\/\/www.robert-laroche.com\/en\/wp-json\/wp\/v2\/product\/238955\/revisions"}],"predecessor-version":[{"id":238994,"href":"https:\/\/www.robert-laroche.com\/en\/wp-json\/wp\/v2\/product\/238955\/revisions\/238994"}],"wp:featuredmedia":[{"embeddable":true,"href":"https:\/\/www.robert-laroche.com\/en\/wp-json\/wp\/v2\/media\/238966"}],"wp:attachment":[{"href":"https:\/\/www.robert-laroche.com\/en\/wp-json\/wp\/v2\/media?parent=238955"}],"wp:term":[{"taxonomy":"product_cat","embeddable":true,"href":"https:\/\/www.robert-laroche.com\/en\/wp-json\/wp\/v2\/product_cat?post=238955"},{"taxonomy":"product_tag","embeddable":true,"href":"https:\/\/www.robert-laroche.com\/en\/wp-json\/wp\/v2\/product_tag?post=238955"}],"curies":[{"name":"wp","href":"https:\/\/api.w.org\/{rel}","templated":true}]}}