{"id":247246,"date":"2024-03-20T14:01:42","date_gmt":"2024-03-20T14:01:42","guid":{"rendered":"https:\/\/www.robert-laroche.com\/?post_type=product&#038;p=247246"},"modified":"2024-05-13T07:44:55","modified_gmt":"2024-05-13T07:44:55","slug":"donna","status":"publish","type":"product","link":"https:\/\/www.robert-laroche.com\/en\/product\/donna\/","title":{"rendered":"DONNA"},"content":{"rendered":"<table class=\"tg-ta\" style=\"width: 100%; height: 164px;\">\n<tbody>\n<tr style=\"height: 41px;\">\n<td class=\"tg-0pky\" style=\"font-weight: bold; width: 21.7334%; height: 41px;\">Frame color:<\/td>\n<td class=\"tg-0lax\" style=\"height: 41px; width: 78.1333%;\"><span class=\"OYPEnA text-decoration-none text-strikethrough-none\">SHINY BROWN GREEN HAVANA<\/span><\/td>\n<\/tr>\n<tr style=\"height: 41px;\">\n<td class=\"tg-0lax\" style=\"font-weight: bold; width: 21.7334%; height: 41px;\">Glass color:<\/td>\n<td style=\"width: 78.1333%; height: 41px;\" width=\"517\"><span class=\"OYPEnA text-decoration-none text-strikethrough-none\">MONO BROWN<\/span><\/td>\n<\/tr>\n<tr style=\"height: 41px;\">\n<td class=\"tg-0lax\" style=\"font-weight: bold; width: 21.7334%; height: 41px;\">Size:<\/td>\n<td style=\"width: 78.1333%; height: 41px;\" width=\"101\">\n<div id=\"mdm.cmd.product.maintain::sap.suite.ui.generic.template.ObjectPage.view.Details::C_Product--com.sap.vocabularies.UI.v1.Identification::FormGroup_C_ProductType_YY1_ZZGroesse_PRD\" class=\"sapUiFormCLElement\" data-sap-ui=\"mdm.cmd.product.maintain::sap.suite.ui.generic.template.ObjectPage.view.Details::C_Product--com.sap.vocabularies.UI.v1.Identification::FormGroup_C_ProductType_YY1_ZZGroesse_PRD\">\n<div class=\"sapUiFormCLCellsS12 sapUiFormCLCellsL12\">\n<div id=\"mdm.cmd.product.maintain::sap.suite.ui.generic.template.ObjectPage.view.Details::C_Product--com.sap.vocabularies.UI.v1.Identification::FormGroup_C_ProductType_YY1_ZZGroesse_PRD-element0\" class=\"sapUiCompSmartField\" data-sap-ui=\"mdm.cmd.product.maintain::sap.suite.ui.generic.template.ObjectPage.view.Details::C_Product--com.sap.vocabularies.UI.v1.Identification::FormGroup_C_ProductType_YY1_ZZGroesse_PRD-element0\" data-sap-ui-render=\"\"><span id=\"mdm.cmd.product.maintain::sap.suite.ui.generic.template.ObjectPage.view.Details::C_Product--com.sap.vocabularies.UI.v1.Identification::FormGroup_C_ProductType_YY1_ZZGroesse_PRD-element0-text\" class=\"sapMText sapUiSelectable sapMTextBreakWord sapMTextMaxWidth sapUiCompSmartFieldValue\" dir=\"auto\" data-sap-ui=\"mdm.cmd.product.maintain::sap.suite.ui.generic.template.ObjectPage.view.Details::C_Product--com.sap.vocabularies.UI.v1.Identification::FormGroup_C_ProductType_YY1_ZZGroesse_PRD-element0-text\" data-sap-ui-render=\"\">53-20-145<\/span><\/div>\n<\/div>\n<\/div>\n<\/td>\n<\/tr>\n<tr style=\"height: 41px;\">\n<td class=\"tg-0lax\" style=\"font-weight: bold; width: 21.7334%; height: 41px;\">Shape:<\/td>\n<td class=\"tg-0lax\" style=\"height: 41px; width: 78.1333%;\">Rectangular<\/td>\n<\/tr>\n<\/tbody>\n<\/table>\n<p>&nbsp;<\/p>","protected":false},"excerpt":{"rendered":"<p>Eine Damen\u00a0Sonnenbrille aus unserer neuen Acetat Sonnenbrillen-Kollektion in seiner sch\u00f6nsten Form. Designt in \u00d6sterreich, hergestellt in sorgf\u00e4ltiger Handarbeit in Italien. Mit subtilem Charme und zeitloser Eleganz unterstreicht es das Design der Les Deux H und verleiht jedem Augenblick den Hauch des Besonderen.<\/p>","protected":false},"featured_media":247192,"template":"","meta":[],"product_cat":[1230,39,36,1167,1156],"product_tag":[],"_links":{"self":[{"href":"https:\/\/www.robert-laroche.com\/en\/wp-json\/wp\/v2\/product\/247246"}],"collection":[{"href":"https:\/\/www.robert-laroche.com\/en\/wp-json\/wp\/v2\/product"}],"about":[{"href":"https:\/\/www.robert-laroche.com\/en\/wp-json\/wp\/v2\/types\/product"}],"version-history":[{"count":2,"href":"https:\/\/www.robert-laroche.com\/en\/wp-json\/wp\/v2\/product\/247246\/revisions"}],"predecessor-version":[{"id":247252,"href":"https:\/\/www.robert-laroche.com\/en\/wp-json\/wp\/v2\/product\/247246\/revisions\/247252"}],"wp:featuredmedia":[{"embeddable":true,"href":"https:\/\/www.robert-laroche.com\/en\/wp-json\/wp\/v2\/media\/247192"}],"wp:attachment":[{"href":"https:\/\/www.robert-laroche.com\/en\/wp-json\/wp\/v2\/media?parent=247246"}],"wp:term":[{"taxonomy":"product_cat","embeddable":true,"href":"https:\/\/www.robert-laroche.com\/en\/wp-json\/wp\/v2\/product_cat?post=247246"},{"taxonomy":"product_tag","embeddable":true,"href":"https:\/\/www.robert-laroche.com\/en\/wp-json\/wp\/v2\/product_tag?post=247246"}],"curies":[{"name":"wp","href":"https:\/\/api.w.org\/{rel}","templated":true}]}}