{"id":247257,"date":"2024-03-20T14:20:35","date_gmt":"2024-03-20T14:20:35","guid":{"rendered":"https:\/\/www.robert-laroche.com\/?post_type=product&#038;p=247257"},"modified":"2024-05-16T13:11:44","modified_gmt":"2024-05-16T13:11:44","slug":"edmond","status":"publish","type":"product","link":"https:\/\/www.robert-laroche.com\/en\/product\/edmond\/","title":{"rendered":"EDMOND"},"content":{"rendered":"<p>&lt;table class=&#8221;tg-ta&#8221; style=&#8221;width: 100%;height: 164px&#8221;&gt;<br \/>\n&lt;tbody&gt;<br \/>\n&lt;tr style=&#8221;height: 41px&#8221;&gt;<br \/>\n&lt;td class=&#8221;tg-0pky&#8221; style=&#8221;font-weight: bold;width: 21.7334%;height: 41px&#8221;&gt;Rahmenfarbe:&lt;\/td&gt;<br \/>\n&lt;td class=&#8221;tg-0lax&#8221; style=&#8221;height: 41px;width: 78.1333%&#8221;&gt;&lt;span class=&#8221;OYPEnA text-decoration-none text-strikethrough-none&#8221;&gt;Shiny Brown Havana&lt;\/span&gt;&lt;\/td&gt;<br \/>\n&lt;\/tr&gt;<br \/>\n&lt;tr style=&#8221;height: 41px&#8221;&gt;<br \/>\n&lt;td class=&#8221;tg-0lax&#8221; style=&#8221;font-weight: bold;width: 21.7334%;height: 41px&#8221;&gt;Glasfarbe:&lt;\/td&gt;<br \/>\n&lt;td style=&#8221;width: 78.1333%;height: 41px&#8221; width=&#8221;517&#8243;&gt;&lt;span class=&#8221;OYPEnA text-decoration-none text-strikethrough-none&#8221;&gt;GRAD ORANGE BROWN&lt;\/span&gt;&lt;\/td&gt;<br \/>\n&lt;\/tr&gt;<br \/>\n&lt;tr style=&#8221;height: 41px&#8221;&gt;<br \/>\n&lt;td class=&#8221;tg-0lax&#8221; style=&#8221;font-weight: bold;width: 21.7334%;height: 41px&#8221;&gt;Gr\u00f6\u00dfe:&lt;\/td&gt;<br \/>\n&lt;td style=&#8221;width: 78.1333%;height: 41px&#8221; width=&#8221;101&#8243;&gt;<br \/>\n&lt;div id=&#8221;mdm.cmd.product.maintain::sap.suite.ui.generic.template.ObjectPage.view.Details::C_Product&#8211;com.sap.vocabularies.UI.v1.Identification::FormGroup_C_ProductType_YY1_ZZGroesse_PRD&#8221; class=&#8221;sapUiFormCLElement&#8221; data-sap-ui=&#8221;mdm.cmd.product.maintain::sap.suite.ui.generic.template.ObjectPage.view.Details::C_Product&#8211;com.sap.vocabularies.UI.v1.Identification::FormGroup_C_ProductType_YY1_ZZGroesse_PRD&#8221;&gt;<br \/>\n&lt;div class=&#8221;sapUiFormCLCellsS12 sapUiFormCLCellsL12&#8243;&gt;<br \/>\n&lt;div id=&#8221;mdm.cmd.product.maintain::sap.suite.ui.generic.template.ObjectPage.view.Details::C_Product&#8211;com.sap.vocabularies.UI.v1.Identification::FormGroup_C_ProductType_YY1_ZZGroesse_PRD-element0&#8243; class=&#8221;sapUiCompSmartField&#8221; data-sap-ui=&#8221;mdm.cmd.product.maintain::sap.suite.ui.generic.template.ObjectPage.view.Details::C_Product&#8211;com.sap.vocabularies.UI.v1.Identification::FormGroup_C_ProductType_YY1_ZZGroesse_PRD-element0&#8243; data-sap-ui-render=&#8221;&#8221;&gt;55-16-145&lt;\/div&gt;<br \/>\n&lt;\/div&gt;<br \/>\n&lt;\/div&gt;&lt;\/td&gt;<br \/>\n&lt;\/tr&gt;<br \/>\n&lt;tr style=&#8221;height: 41px&#8221;&gt;<br \/>\n&lt;td class=&#8221;tg-0lax&#8221; style=&#8221;font-weight: bold;width: 21.7334%;height: 41px&#8221;&gt;Form:&lt;\/td&gt;<br \/>\n&lt;td class=&#8221;tg-0lax&#8221; style=&#8221;height: 41px;width: 78.1333%&#8221;&gt;GEOMETRIC&lt;\/td&gt;<br \/>\n&lt;\/tr&gt;<br \/>\n&lt;\/tbody&gt;<br \/>\n&lt;\/table&gt;<br \/>\n&amp;nbsp;<\/p>","protected":false},"excerpt":{"rendered":"<p>Eine Damen- und Herren Sonnenbrille aus unserer neuen Acetat Sonnenbrillen-Kollektion in seiner sch\u00f6nsten Form. Designt in \u00d6sterreich, hergestellt in sorgf\u00e4ltiger Handarbeit in Italien. Mit subtilem Charme und zeitloser Eleganz unterstreicht es das Design der Les Deux H und verleiht jedem Augenblick den Hauch des Besonderen.<\/p>","protected":false},"featured_media":247708,"template":"","meta":[],"product_cat":[1230,39,36,1167,1162,1156,1155],"product_tag":[],"_links":{"self":[{"href":"https:\/\/www.robert-laroche.com\/en\/wp-json\/wp\/v2\/product\/247257"}],"collection":[{"href":"https:\/\/www.robert-laroche.com\/en\/wp-json\/wp\/v2\/product"}],"about":[{"href":"https:\/\/www.robert-laroche.com\/en\/wp-json\/wp\/v2\/types\/product"}],"version-history":[{"count":4,"href":"https:\/\/www.robert-laroche.com\/en\/wp-json\/wp\/v2\/product\/247257\/revisions"}],"predecessor-version":[{"id":247714,"href":"https:\/\/www.robert-laroche.com\/en\/wp-json\/wp\/v2\/product\/247257\/revisions\/247714"}],"wp:featuredmedia":[{"embeddable":true,"href":"https:\/\/www.robert-laroche.com\/en\/wp-json\/wp\/v2\/media\/247708"}],"wp:attachment":[{"href":"https:\/\/www.robert-laroche.com\/en\/wp-json\/wp\/v2\/media?parent=247257"}],"wp:term":[{"taxonomy":"product_cat","embeddable":true,"href":"https:\/\/www.robert-laroche.com\/en\/wp-json\/wp\/v2\/product_cat?post=247257"},{"taxonomy":"product_tag","embeddable":true,"href":"https:\/\/www.robert-laroche.com\/en\/wp-json\/wp\/v2\/product_tag?post=247257"}],"curies":[{"name":"wp","href":"https:\/\/api.w.org\/{rel}","templated":true}]}}