{"id":10113,"date":"2020-10-15T19:09:18","date_gmt":"2020-10-15T19:09:18","guid":{"rendered":"http:\/\/www.robert-laroche.com\/ueberuns-copy\/"},"modified":"2023-11-02T12:14:49","modified_gmt":"2023-11-02T12:14:49","slug":"produktion","status":"publish","type":"page","link":"https:\/\/www.robert-laroche.com\/fr\/produktion\/","title":{"rendered":"ABOUT &#8211; Das Produkt"},"content":{"rendered":"<div data-elementor-type=\"wp-page\" data-elementor-id=\"10113\" class=\"elementor elementor-10113\" data-elementor-settings=\"[]\">\n\t\t\t\t\t\t<div class=\"elementor-inner\">\n\t\t\t\t\t\t\t<div class=\"elementor-section-wrap\">\n\t\t\t\t\t\t\t<section class=\"elementor-section elementor-top-section elementor-element elementor-element-fcb38b7 elementor-section-height-min-height elementor-section-boxed elementor-section-height-default elementor-section-items-middle\" data-id=\"fcb38b7\" data-element_type=\"section\">\n\t\t\t\t\t\t<div class=\"elementor-container elementor-column-gap-wider\">\n\t\t\t\t\t\t\t<div class=\"elementor-row\">\n\t\t\t\t\t<div class=\"elementor-column elementor-col-100 elementor-top-column elementor-element elementor-element-ff0e650\" data-id=\"ff0e650\" data-element_type=\"column\">\n\t\t\t<div class=\"elementor-column-wrap elementor-element-populated\">\n\t\t\t\t\t\t\t<div class=\"elementor-widget-wrap\">\n\t\t\t\t\t\t<div class=\"elementor-element elementor-element-d4a1f52 elementor-widget elementor-widget-heading\" data-id=\"d4a1f52\" data-element_type=\"widget\" data-widget_type=\"heading.default\">\n\t\t\t\t<div class=\"elementor-widget-container\">\n\t\t\t<h3 class=\"elementor-heading-title elementor-size-xxl\"><br>Cr\u00e9\u00e9 pour des moments sp\u00e9ciaux<\/h3>\t\t<\/div>\n\t\t\t\t<\/div>\n\t\t\t\t<div class=\"elementor-element elementor-element-e3caf22 elementor-widget elementor-widget-text-editor\" data-id=\"e3caf22\" data-element_type=\"widget\" data-widget_type=\"text-editor.default\">\n\t\t\t\t<div class=\"elementor-widget-container\">\n\t\t\t\t\t\t\t\t<div class=\"elementor-text-editor elementor-clearfix\">\n\t\t\t\t\t<p style=\"margin: 0cm 0cm 7.5pt; background-image: initial; background-position: initial; background-size: initial; background-repeat: initial; background-attachment: initial; background-origin: initial; background-clip: initial;\"><span style=\"font-size: 11.5pt; font-family: Montserrat, serif;\">Nos mod\u00e8les ont du caract\u00e8re et sont cr\u00e9\u00e9s avec des mat\u00e9riaux de haute qualit\u00e9, de la passion et du temps. Le souci du d\u00e9tail se retrouve sur chacune des montures Robert La Roche qui sont r\u00e9alis\u00e9es enti\u00e8rement \u00e0 la main. La production des mod\u00e8les en ac\u00e9tate est faite dans les meilleures usines italiennes. Les montures en titane pur ainsi que les mod\u00e8les combin\u00e9s des deux mat\u00e9riaux sont m\u00e9ticuleusement con\u00e7ues au Japon avec une fabrication de pointe. La production refl\u00e8te enti\u00e8rement les id\u00e9es visionnaires de nos designers.<\/span><\/p>\t\t\t\t\t<\/div>\n\t\t\t\t\t\t<\/div>\n\t\t\t\t<\/div>\n\t\t\t\t<div class=\"elementor-element elementor-element-43873fc elementor-widget elementor-widget-heading\" data-id=\"43873fc\" data-element_type=\"widget\" data-widget_type=\"heading.default\">\n\t\t\t\t<div class=\"elementor-widget-container\">\n\t\t\t<h3 class=\"elementor-heading-title elementor-size-xl\">ES BEGINNT MIT KREATIVEN K\u00d6PFEN<\/h3>\t\t<\/div>\n\t\t\t\t<\/div>\n\t\t\t\t<div class=\"elementor-element elementor-element-f99800a elementor-widget elementor-widget-text-editor\" data-id=\"f99800a\" data-element_type=\"widget\" data-widget_type=\"text-editor.default\">\n\t\t\t\t<div class=\"elementor-widget-container\">\n\t\t\t\t\t\t\t\t<div class=\"elementor-text-editor elementor-clearfix\">\n\t\t\t\t\t<p style=\"margin: 0cm 0cm 7.5pt; background-image: initial; background-position: initial; background-size: initial; background-repeat: initial; background-attachment: initial; background-origin: initial; background-clip: initial;\"><span style=\"font-size: 11.5pt; font-family: Montserrat, serif;\">\u00dcber die Jahrzehnte hat Robert La Roche zahlreiche stilbildende Brillendesigns erschaffen. In diesem Bewusstsein verpasst eine neue Generation von Designern den Kollektionen einen zeitgem\u00e4\u00dfen Schliff und schafft mit frischen Ideen moderne Klassiker.\u00a0<\/span><span style=\"font-family: Montserrat, serif; font-size: 11.5pt; letter-spacing: 0px;\">Aktuell umfasst das Sortiment von Robert La Roche f\u00fcnf\u00a0<\/span><span style=\"font-family: Montserrat, serif; font-size: 11.5pt; letter-spacing: 0px;\">verschiedene Linien:<\/span><\/p><p style=\"margin: 0cm 0cm 7.5pt; background-image: initial; background-position: initial; background-size: initial; background-repeat: initial; background-attachment: initial; background-origin: initial; background-clip: initial; text-align: center;\"><strong><span style=\"font-size: 11.5pt; font-family: Montserrat, serif;\">Eine klassische Acetat-Kollektion, jene aus reinem Titan und eine Kombination aus Acetat und Titan, sowie zwei neue Acetat Kollektionen.\u00a0<\/span><\/strong><\/p><p style=\"margin: 0cm 0cm 7.5pt; background-image: initial; background-position: initial; background-size: initial; background-repeat: initial; background-attachment: initial; background-origin: initial; background-clip: initial;\"><span style=\"font-family: Montserrat, serif; font-size: 11.5pt; letter-spacing: 0px;\">\u00a0<\/span><\/p>\t\t\t\t\t<\/div>\n\t\t\t\t\t\t<\/div>\n\t\t\t\t<\/div>\n\t\t\t\t\t\t<\/div>\n\t\t\t\t\t<\/div>\n\t\t<\/div>\n\t\t\t\t\t\t\t\t<\/div>\n\t\t\t\t\t<\/div>\n\t\t<\/section>\n\t\t\t\t<section class=\"elementor-section elementor-top-section elementor-element elementor-element-2e6fa95 elementor-section-boxed elementor-section-height-default elementor-section-height-default\" data-id=\"2e6fa95\" data-element_type=\"section\">\n\t\t\t\t\t\t<div class=\"elementor-container elementor-column-gap-no\">\n\t\t\t\t\t\t\t<div class=\"elementor-row\">\n\t\t\t\t\t<div class=\"elementor-column elementor-col-100 elementor-top-column elementor-element elementor-element-4989535\" data-id=\"4989535\" data-element_type=\"column\">\n\t\t\t<div class=\"elementor-column-wrap elementor-element-populated\">\n\t\t\t\t\t\t\t<div class=\"elementor-widget-wrap\">\n\t\t\t\t\t\t<div class=\"elementor-element elementor-element-dca7fd6 elementor-aspect-ratio-169 elementor-widget elementor-widget-video\" data-id=\"dca7fd6\" data-element_type=\"widget\" data-settings=\"{&quot;video_type&quot;:&quot;hosted&quot;,&quot;autoplay&quot;:&quot;yes&quot;,&quot;play_on_mobile&quot;:&quot;yes&quot;,&quot;loop&quot;:&quot;yes&quot;,&quot;controls&quot;:&quot;yes&quot;,&quot;aspect_ratio&quot;:&quot;169&quot;}\" data-widget_type=\"video.default\">\n\t\t\t\t<div class=\"elementor-widget-container\">\n\t\t\t\t\t<div class=\"e-hosted-video elementor-wrapper elementor-fit-aspect-ratio elementor-open-inline\">\n\t\t\t\t\t<video class=\"elementor-video\" src=\"https:\/\/www.robert-laroche.com\/wp-content\/uploads\/2020\/10\/RLR_personality_japan.mp4\" autoplay=\"\" loop=\"\" controls=\"\" playsinline=\"\" controlslist=\"nodownload\"><\/video>\n\t\t\t\t<\/div>\n\t\t\t\t<\/div>\n\t\t\t\t<\/div>\n\t\t\t\t\t\t<\/div>\n\t\t\t\t\t<\/div>\n\t\t<\/div>\n\t\t\t\t\t\t\t\t<\/div>\n\t\t\t\t\t<\/div>\n\t\t<\/section>\n\t\t\t\t<section class=\"elementor-section elementor-top-section elementor-element elementor-element-1247b92 elementor-section-boxed elementor-section-height-default elementor-section-height-default\" data-id=\"1247b92\" data-element_type=\"section\">\n\t\t\t\t\t\t<div class=\"elementor-container elementor-column-gap-default\">\n\t\t\t\t\t\t\t<div class=\"elementor-row\">\n\t\t\t\t\t<div class=\"elementor-column elementor-col-100 elementor-top-column elementor-element elementor-element-99ba214\" data-id=\"99ba214\" data-element_type=\"column\">\n\t\t\t<div class=\"elementor-column-wrap elementor-element-populated\">\n\t\t\t\t\t\t\t<div class=\"elementor-widget-wrap\">\n\t\t\t\t\t\t<div class=\"elementor-element elementor-element-ba5c586 elementor-widget elementor-widget-spacer\" data-id=\"ba5c586\" data-element_type=\"widget\" data-widget_type=\"spacer.default\">\n\t\t\t\t<div class=\"elementor-widget-container\">\n\t\t\t\t\t<div class=\"elementor-spacer\">\n\t\t\t<div class=\"elementor-spacer-inner\"><\/div>\n\t\t<\/div>\n\t\t\t\t<\/div>\n\t\t\t\t<\/div>\n\t\t\t\t\t\t<\/div>\n\t\t\t\t\t<\/div>\n\t\t<\/div>\n\t\t\t\t\t\t\t\t<\/div>\n\t\t\t\t\t<\/div>\n\t\t<\/section>\n\t\t\t\t\t\t<\/div>\n\t\t\t\t\t\t<\/div>\n\t\t\t\t\t<\/div>","protected":false},"excerpt":{"rendered":"<p>Cr\u00e9\u00e9s pour des moments sp\u00e9ciaux Ce sont des mod\u00e8les de caract\u00e8re, cr\u00e9\u00e9s \u00e0 partir de mat\u00e9riaux de haute qualit\u00e9, de passion et de temps. L&#39;attention au d\u00e9tail est visible derri\u00e8re les formes claires. Car les verres Robert La Roche sont fabriqu\u00e9s exclusivement \u00e0 la main. Les montures en ac\u00e9tate sont produites dans les meilleures usines d&#39;Italie. Les montures en titane pur et les mod\u00e8les qui combinent les deux mat\u00e9riaux seront ...<\/p>","protected":false},"author":1,"featured_media":0,"parent":0,"menu_order":0,"comment_status":"closed","ping_status":"closed","template":"elementor_header_footer","meta":[],"_links":{"self":[{"href":"https:\/\/www.robert-laroche.com\/fr\/wp-json\/wp\/v2\/pages\/10113"}],"collection":[{"href":"https:\/\/www.robert-laroche.com\/fr\/wp-json\/wp\/v2\/pages"}],"about":[{"href":"https:\/\/www.robert-laroche.com\/fr\/wp-json\/wp\/v2\/types\/page"}],"author":[{"embeddable":true,"href":"https:\/\/www.robert-laroche.com\/fr\/wp-json\/wp\/v2\/users\/1"}],"replies":[{"embeddable":true,"href":"https:\/\/www.robert-laroche.com\/fr\/wp-json\/wp\/v2\/comments?post=10113"}],"version-history":[{"count":71,"href":"https:\/\/www.robert-laroche.com\/fr\/wp-json\/wp\/v2\/pages\/10113\/revisions"}],"predecessor-version":[{"id":245816,"href":"https:\/\/www.robert-laroche.com\/fr\/wp-json\/wp\/v2\/pages\/10113\/revisions\/245816"}],"wp:attachment":[{"href":"https:\/\/www.robert-laroche.com\/fr\/wp-json\/wp\/v2\/media?parent=10113"}],"curies":[{"name":"wp","href":"https:\/\/api.w.org\/{rel}","templated":true}]}}