{"id":11173,"date":"2020-10-17T23:33:49","date_gmt":"2020-10-17T23:33:49","guid":{"rendered":"http:\/\/www.robert-laroche.com\/produkt\/import-placeholder-for-rlr525t-01\/"},"modified":"2023-11-06T10:28:02","modified_gmt":"2023-11-06T10:28:02","slug":"end","status":"publish","type":"product","link":"https:\/\/www.robert-laroche.com\/fr\/produit\/end\/","title":{"rendered":"FIN"},"content":{"rendered":"<table class=\"tg-ta\">\n<thead><\/thead>\n<tbody>\n<tr>\n<td class=\"tg-0pky\" style=\"font-weight: bold; width: 250px;\">Couleur du cadre:<\/td>\n<td class=\"tg-0lax\">Noir + Gun<\/td>\n<\/tr>\n<tr>\n<td class=\"tg-0lax\" style=\"font-weight: bold; width: 250px;\">Couleur du verre:<\/td>\n<td class=\"tg-0lax\">Transparent<\/td>\n<\/tr>\n<tr>\n<td class=\"tg-0lax\" style=\"font-weight: bold; width: 250px;\">Taille:<\/td>\n<td class=\"tg-0lax\">49-20-145<\/td>\n<\/tr>\n<tr>\n<td class=\"tg-0lax\" style=\"font-weight: bold; width: 250px;\">Forme:<\/td>\n<td class=\"tg-0lax\">Carr\u00e9<\/td>\n<\/tr>\n<\/tbody>\n<\/table>","protected":false},"excerpt":{"rendered":"<p>Fin - Une combinaison qui s&#39;adapte simplement: le titane pur et l&#39;ac\u00e9tate de haute qualit\u00e9 fusionnent pour cr\u00e9er des lunettes harmonieuses pour hommes. Con\u00e7u par Robert La Roche pour des moments sp\u00e9ciaux, fabriqu\u00e9 \u00e0 la main avec une grande attention aux d\u00e9tails au Japon<\/p>","protected":false},"featured_media":7672,"template":"","meta":[],"product_cat":[1332,37,1157],"product_tag":[],"_links":{"self":[{"href":"https:\/\/www.robert-laroche.com\/fr\/wp-json\/wp\/v2\/product\/11173"}],"collection":[{"href":"https:\/\/www.robert-laroche.com\/fr\/wp-json\/wp\/v2\/product"}],"about":[{"href":"https:\/\/www.robert-laroche.com\/fr\/wp-json\/wp\/v2\/types\/product"}],"version-history":[{"count":7,"href":"https:\/\/www.robert-laroche.com\/fr\/wp-json\/wp\/v2\/product\/11173\/revisions"}],"predecessor-version":[{"id":241593,"href":"https:\/\/www.robert-laroche.com\/fr\/wp-json\/wp\/v2\/product\/11173\/revisions\/241593"}],"wp:featuredmedia":[{"embeddable":true,"href":"https:\/\/www.robert-laroche.com\/fr\/wp-json\/wp\/v2\/media\/7672"}],"wp:attachment":[{"href":"https:\/\/www.robert-laroche.com\/fr\/wp-json\/wp\/v2\/media?parent=11173"}],"wp:term":[{"taxonomy":"product_cat","embeddable":true,"href":"https:\/\/www.robert-laroche.com\/fr\/wp-json\/wp\/v2\/product_cat?post=11173"},{"taxonomy":"product_tag","embeddable":true,"href":"https:\/\/www.robert-laroche.com\/fr\/wp-json\/wp\/v2\/product_tag?post=11173"}],"curies":[{"name":"wp","href":"https:\/\/api.w.org\/{rel}","templated":true}]}}