{"id":11303,"date":"2020-10-18T00:54:56","date_gmt":"2020-10-18T00:54:56","guid":{"rendered":"http:\/\/www.robert-laroche.com\/produkt\/import-placeholder-for-rlrs296-01\/"},"modified":"2023-11-06T10:28:35","modified_gmt":"2023-11-06T10:28:35","slug":"geisha","status":"publish","type":"product","link":"https:\/\/www.robert-laroche.com\/fr\/produit\/geisha\/","title":{"rendered":"GEISHA"},"content":{"rendered":"<table class=\"tg-ta\">\n<thead><\/thead>\n<tbody>\n<tr>\n<td class=\"tg-0pky\" style=\"font-weight: bold; width: 250px;\">Couleur du cadre:<\/td>\n<td class=\"tg-0lax\">Cristal noir + gris<\/td>\n<\/tr>\n<tr>\n<td class=\"tg-0lax\" style=\"font-weight: bold; width: 250px;\">Couleur du verre:<\/td>\n<td class=\"tg-0lax\">Gris avec miroir d\u00e9grad\u00e9 argent\u00e9<\/td>\n<\/tr>\n<tr>\n<td class=\"tg-0lax\" style=\"font-weight: bold; width: 250px;\">Taille:<\/td>\n<td class=\"tg-0lax\">56-16-135<\/td>\n<\/tr>\n<tr>\n<td class=\"tg-0lax\" style=\"font-weight: bold; width: 250px;\">Forme:<\/td>\n<td class=\"tg-0lax\">Oeil de chat<\/td>\n<\/tr>\n<\/tbody>\n<\/table>","protected":false},"excerpt":{"rendered":"<p>Geisha - une combinaison qui convient tout simplement : le titane pur et l&#39;ac\u00e9tate de haute qualit\u00e9 fusionnent pour cr\u00e9er des lunettes de soleil harmonieuses pour femmes. Con\u00e7u par Robert La Roche pour des moments sp\u00e9ciaux, fabriqu\u00e9 \u00e0 la main avec une grande attention aux d\u00e9tails au Japon. Les verres solaires certifi\u00e9s Zeiss offrent une protection UVA et UVB 100%.<\/p>","protected":false},"featured_media":5993,"template":"","meta":[],"product_cat":[1332,36,1156],"product_tag":[],"_links":{"self":[{"href":"https:\/\/www.robert-laroche.com\/fr\/wp-json\/wp\/v2\/product\/11303"}],"collection":[{"href":"https:\/\/www.robert-laroche.com\/fr\/wp-json\/wp\/v2\/product"}],"about":[{"href":"https:\/\/www.robert-laroche.com\/fr\/wp-json\/wp\/v2\/types\/product"}],"version-history":[{"count":6,"href":"https:\/\/www.robert-laroche.com\/fr\/wp-json\/wp\/v2\/product\/11303\/revisions"}],"predecessor-version":[{"id":16495,"href":"https:\/\/www.robert-laroche.com\/fr\/wp-json\/wp\/v2\/product\/11303\/revisions\/16495"}],"wp:featuredmedia":[{"embeddable":true,"href":"https:\/\/www.robert-laroche.com\/fr\/wp-json\/wp\/v2\/media\/5993"}],"wp:attachment":[{"href":"https:\/\/www.robert-laroche.com\/fr\/wp-json\/wp\/v2\/media?parent=11303"}],"wp:term":[{"taxonomy":"product_cat","embeddable":true,"href":"https:\/\/www.robert-laroche.com\/fr\/wp-json\/wp\/v2\/product_cat?post=11303"},{"taxonomy":"product_tag","embeddable":true,"href":"https:\/\/www.robert-laroche.com\/fr\/wp-json\/wp\/v2\/product_tag?post=11303"}],"curies":[{"name":"wp","href":"https:\/\/api.w.org\/{rel}","templated":true}]}}