{"id":11342,"date":"2020-10-18T00:57:52","date_gmt":"2020-10-18T00:57:52","guid":{"rendered":"http:\/\/www.robert-laroche.com\/produkt\/import-placeholder-for-rlr567t-01\/"},"modified":"2023-11-06T10:28:34","modified_gmt":"2023-11-06T10:28:34","slug":"jasper","status":"publish","type":"product","link":"https:\/\/www.robert-laroche.com\/fr\/produit\/jasper\/","title":{"rendered":"JASPE"},"content":{"rendered":"<table class=\"tg-ta\">\n<thead><\/thead>\n<tbody>\n<tr>\n<td class=\"tg-0pky\" style=\"font-weight:bold; width:250px;\">Couleur du cadre:<\/td>\n<td class=\"tg-0lax\">Noir + argent<\/td>\n<\/tr>\n<tr>\n<td class=\"tg-0lax\" style=\"font-weight:bold; width:250px;\">Couleur du verre:<\/td>\n<td class=\"tg-0lax\">Transparent<\/td>\n<\/tr>\n<tr>\n<td class=\"tg-0lax\" style=\"font-weight:bold; width:250px;\">Taille:<\/td>\n<td class=\"tg-0lax\">55-18-145<\/td>\n<\/tr>\n<tr>\n<td class=\"tg-0lax\" style=\"font-weight:bold; width:250px;\">Forme:<\/td>\n<td class=\"tg-0lax\">Pantos<\/td>\n<\/tr>\n<\/tbody>\n<\/table>","protected":false},"excerpt":{"rendered":"<p>Jasper - Les lunettes pour hommes \u00e9labor\u00e9es \u00e0 la main au Japon sont en titane pur. L\u00e9ger mais robuste, au style classique et au design saisissant, c&#39;est ainsi que Robert La Roche met des accents qui survivent \u00e0 toutes les tendances \u00e9ph\u00e9m\u00e8res.\u00a0\u00a0<\/p>","protected":false},"featured_media":7703,"template":"","meta":[],"product_cat":[1332,37,1157],"product_tag":[],"_links":{"self":[{"href":"https:\/\/www.robert-laroche.com\/fr\/wp-json\/wp\/v2\/product\/11342"}],"collection":[{"href":"https:\/\/www.robert-laroche.com\/fr\/wp-json\/wp\/v2\/product"}],"about":[{"href":"https:\/\/www.robert-laroche.com\/fr\/wp-json\/wp\/v2\/types\/product"}],"version-history":[{"count":5,"href":"https:\/\/www.robert-laroche.com\/fr\/wp-json\/wp\/v2\/product\/11342\/revisions"}],"predecessor-version":[{"id":15249,"href":"https:\/\/www.robert-laroche.com\/fr\/wp-json\/wp\/v2\/product\/11342\/revisions\/15249"}],"wp:featuredmedia":[{"embeddable":true,"href":"https:\/\/www.robert-laroche.com\/fr\/wp-json\/wp\/v2\/media\/7703"}],"wp:attachment":[{"href":"https:\/\/www.robert-laroche.com\/fr\/wp-json\/wp\/v2\/media?parent=11342"}],"wp:term":[{"taxonomy":"product_cat","embeddable":true,"href":"https:\/\/www.robert-laroche.com\/fr\/wp-json\/wp\/v2\/product_cat?post=11342"},{"taxonomy":"product_tag","embeddable":true,"href":"https:\/\/www.robert-laroche.com\/fr\/wp-json\/wp\/v2\/product_tag?post=11342"}],"curies":[{"name":"wp","href":"https:\/\/api.w.org\/{rel}","templated":true}]}}