{"id":11349,"date":"2020-10-18T00:58:26","date_gmt":"2020-10-18T00:58:26","guid":{"rendered":"http:\/\/www.robert-laroche.com\/produkt\/import-placeholder-for-rlr569t-01-02\/"},"modified":"2023-11-06T10:29:02","modified_gmt":"2023-11-06T10:29:02","slug":"just","status":"publish","type":"product","link":"https:\/\/www.robert-laroche.com\/fr\/produit\/just\/","title":{"rendered":"JUSTE"},"content":{"rendered":"<table class=\"tg-ta\">\n<thead><\/thead>\n<tbody>\n<tr>\n<td class=\"tg-0pky\" style=\"font-weight:bold; width:250px;\">Couleur du cadre:<\/td>\n<td class=\"tg-0lax\">Tortoise + Schwarz<\/td>\n<\/tr>\n<tr>\n<td class=\"tg-0lax\" style=\"font-weight:bold; width:250px;\">Couleur du verre:<\/td>\n<td class=\"tg-0lax\">Transparent<\/td>\n<\/tr>\n<tr>\n<td class=\"tg-0lax\" style=\"font-weight:bold; width:250px;\">Taille:<\/td>\n<td class=\"tg-0lax\">52-20-145<\/td>\n<\/tr>\n<tr>\n<td class=\"tg-0lax\" style=\"font-weight:bold; width:250px;\">Forme:<\/td>\n<td class=\"tg-0lax\">Carr\u00e9<\/td>\n<\/tr>\n<\/tbody>\n<\/table>","protected":false},"excerpt":{"rendered":"<p>Just - une combinaison qui s&#39;adapte simplement: le titane pur et l&#39;ac\u00e9tate de haute qualit\u00e9 fusionnent pour cr\u00e9er des lunettes harmonieuses pour hommes. Con\u00e7u par Robert La Roche pour des moments sp\u00e9ciaux, fabriqu\u00e9 \u00e0 la main avec une grande attention aux d\u00e9tails au Japon. L\u00e9ger mais robuste, au style classique et au design saisissant, c&#39;est ainsi que Robert La Roche met des accents qui survivent \u00e0 toutes les tendances \u00e9ph\u00e9m\u00e8res.<\/p>","protected":false},"featured_media":8303,"template":"","meta":[],"product_cat":[1332,37,1157],"product_tag":[],"_links":{"self":[{"href":"https:\/\/www.robert-laroche.com\/fr\/wp-json\/wp\/v2\/product\/11349"}],"collection":[{"href":"https:\/\/www.robert-laroche.com\/fr\/wp-json\/wp\/v2\/product"}],"about":[{"href":"https:\/\/www.robert-laroche.com\/fr\/wp-json\/wp\/v2\/types\/product"}],"version-history":[{"count":8,"href":"https:\/\/www.robert-laroche.com\/fr\/wp-json\/wp\/v2\/product\/11349\/revisions"}],"predecessor-version":[{"id":242708,"href":"https:\/\/www.robert-laroche.com\/fr\/wp-json\/wp\/v2\/product\/11349\/revisions\/242708"}],"wp:featuredmedia":[{"embeddable":true,"href":"https:\/\/www.robert-laroche.com\/fr\/wp-json\/wp\/v2\/media\/8303"}],"wp:attachment":[{"href":"https:\/\/www.robert-laroche.com\/fr\/wp-json\/wp\/v2\/media?parent=11349"}],"wp:term":[{"taxonomy":"product_cat","embeddable":true,"href":"https:\/\/www.robert-laroche.com\/fr\/wp-json\/wp\/v2\/product_cat?post=11349"},{"taxonomy":"product_tag","embeddable":true,"href":"https:\/\/www.robert-laroche.com\/fr\/wp-json\/wp\/v2\/product_tag?post=11349"}],"curies":[{"name":"wp","href":"https:\/\/api.w.org\/{rel}","templated":true}]}}