{"id":11356,"date":"2020-10-18T00:58:50","date_gmt":"2020-10-18T00:58:50","guid":{"rendered":"http:\/\/www.robert-laroche.com\/produkt\/import-placeholder-for-rlrs315-01\/"},"modified":"2023-11-06T10:29:02","modified_gmt":"2023-11-06T10:29:02","slug":"ivo","status":"publish","type":"product","link":"https:\/\/www.robert-laroche.com\/fr\/produit\/ivo\/","title":{"rendered":"IVO"},"content":{"rendered":"<table class=\"tg-ta\">\n<thead><\/thead>\n<tbody>\n<tr>\n<td class=\"tg-0pky\" style=\"font-weight:bold;width:250px\">Couleur du cadre:<\/td>\n<td class=\"tg-0lax\">Schwarz\/Kristall Verlauf <\/td>\n<\/tr>\n<tr>\n<td class=\"tg-0lax\" style=\"font-weight:bold;width:250px\">Couleur du verre:<\/td>\n<td class=\"tg-0lax\">D\u00e9grad\u00e9 de gris<\/td>\n<\/tr>\n<tr>\n<td class=\"tg-0lax\" style=\"font-weight:bold;width:250px\">Taille:<\/td>\n<td class=\"tg-0lax\">54-19-145<\/td>\n<\/tr>\n<tr>\n<td class=\"tg-0lax\" style=\"font-weight:bold;width:250px\">Forme:<\/td>\n<td class=\"tg-0lax\">Carr\u00e9<\/td>\n<\/tr>\n<\/tbody>\n<\/table>","protected":false},"excerpt":{"rendered":"<p>Ivo - lunettes de soleil pour hommes en ac\u00e9tate de haute qualit\u00e9 dans sa plus belle forme, soigneusement fabriqu\u00e9es \u00e0 la main en Italie. Avec un charme subtil et une \u00e9l\u00e9gance intemporelle, la monture Robert La Roche souligne la personnalit\u00e9 et donne \u00e0 chaque instant une touche de sp\u00e9cial. Les verres solaires certifi\u00e9s Zeiss offrent une protection 100% UVA et UVB.<\/p>","protected":false},"featured_media":5581,"template":"","meta":[],"product_cat":[1332,36,1162],"product_tag":[],"_links":{"self":[{"href":"https:\/\/www.robert-laroche.com\/fr\/wp-json\/wp\/v2\/product\/11356"}],"collection":[{"href":"https:\/\/www.robert-laroche.com\/fr\/wp-json\/wp\/v2\/product"}],"about":[{"href":"https:\/\/www.robert-laroche.com\/fr\/wp-json\/wp\/v2\/types\/product"}],"version-history":[{"count":9,"href":"https:\/\/www.robert-laroche.com\/fr\/wp-json\/wp\/v2\/product\/11356\/revisions"}],"predecessor-version":[{"id":242787,"href":"https:\/\/www.robert-laroche.com\/fr\/wp-json\/wp\/v2\/product\/11356\/revisions\/242787"}],"wp:featuredmedia":[{"embeddable":true,"href":"https:\/\/www.robert-laroche.com\/fr\/wp-json\/wp\/v2\/media\/5581"}],"wp:attachment":[{"href":"https:\/\/www.robert-laroche.com\/fr\/wp-json\/wp\/v2\/media?parent=11356"}],"wp:term":[{"taxonomy":"product_cat","embeddable":true,"href":"https:\/\/www.robert-laroche.com\/fr\/wp-json\/wp\/v2\/product_cat?post=11356"},{"taxonomy":"product_tag","embeddable":true,"href":"https:\/\/www.robert-laroche.com\/fr\/wp-json\/wp\/v2\/product_tag?post=11356"}],"curies":[{"name":"wp","href":"https:\/\/api.w.org\/{rel}","templated":true}]}}