{"id":11367,"date":"2020-10-18T00:59:16","date_gmt":"2020-10-18T00:59:16","guid":{"rendered":"http:\/\/www.robert-laroche.com\/produkt\/import-placeholder-for-rlrs318-01-02\/"},"modified":"2023-11-06T10:29:02","modified_gmt":"2023-11-06T10:29:02","slug":"inch","status":"publish","type":"product","link":"https:\/\/www.robert-laroche.com\/fr\/produit\/inch\/","title":{"rendered":"POUCE"},"content":{"rendered":"<table class=\"tg-ta\">\n<thead><\/thead>\n<tbody>\n<tr>\n<td class=\"tg-0pky\" style=\"font-weight:bold;width:250px\">Couleur du cadre:<\/td>\n<td class=\"tg-0lax\">Tortoise + Schwarz <\/td>\n<\/tr>\n<tr>\n<td class=\"tg-0lax\" style=\"font-weight:bold;width:250px\">Couleur du verre:<\/td>\n<td class=\"tg-0lax\">Gris<\/td>\n<\/tr>\n<tr>\n<td class=\"tg-0lax\" style=\"font-weight:bold;width:250px\">Taille:<\/td>\n<td class=\"tg-0lax\">53,5-20-145<\/td>\n<\/tr>\n<tr>\n<td class=\"tg-0lax\" style=\"font-weight:bold;width:250px\">Forme:<\/td>\n<td class=\"tg-0lax\">Ronde<\/td>\n<\/tr>\n<\/tbody>\n<\/table>","protected":false},"excerpt":{"rendered":"<p>Inch - Une combinaison qui s&#39;adapte simplement: le titane pur et l&#39;ac\u00e9tate de haute qualit\u00e9 fusionnent pour cr\u00e9er des lunettes de soleil harmonieuses pour hommes. Con\u00e7u par Robert La Roche pour des moments sp\u00e9ciaux, fabriqu\u00e9 \u00e0 la main avec une grande attention aux d\u00e9tails au Japon. Les verres solaires certifi\u00e9s Zeiss offrent une protection 100% UVA et UVB.<\/p>","protected":false},"featured_media":5573,"template":"","meta":[],"product_cat":[1332,36,1162,1155],"product_tag":[],"_links":{"self":[{"href":"https:\/\/www.robert-laroche.com\/fr\/wp-json\/wp\/v2\/product\/11367"}],"collection":[{"href":"https:\/\/www.robert-laroche.com\/fr\/wp-json\/wp\/v2\/product"}],"about":[{"href":"https:\/\/www.robert-laroche.com\/fr\/wp-json\/wp\/v2\/types\/product"}],"version-history":[{"count":12,"href":"https:\/\/www.robert-laroche.com\/fr\/wp-json\/wp\/v2\/product\/11367\/revisions"}],"predecessor-version":[{"id":242784,"href":"https:\/\/www.robert-laroche.com\/fr\/wp-json\/wp\/v2\/product\/11367\/revisions\/242784"}],"wp:featuredmedia":[{"embeddable":true,"href":"https:\/\/www.robert-laroche.com\/fr\/wp-json\/wp\/v2\/media\/5573"}],"wp:attachment":[{"href":"https:\/\/www.robert-laroche.com\/fr\/wp-json\/wp\/v2\/media?parent=11367"}],"wp:term":[{"taxonomy":"product_cat","embeddable":true,"href":"https:\/\/www.robert-laroche.com\/fr\/wp-json\/wp\/v2\/product_cat?post=11367"},{"taxonomy":"product_tag","embeddable":true,"href":"https:\/\/www.robert-laroche.com\/fr\/wp-json\/wp\/v2\/product_tag?post=11367"}],"curies":[{"name":"wp","href":"https:\/\/api.w.org\/{rel}","templated":true}]}}