{"id":11398,"date":"2020-10-18T01:00:34","date_gmt":"2020-10-18T01:00:34","guid":{"rendered":"http:\/\/www.robert-laroche.com\/produkt\/import-placeholder-for-rlr573t-01\/"},"modified":"2023-11-06T10:29:01","modified_gmt":"2023-11-06T10:29:01","slug":"mabel-2","status":"publish","type":"product","link":"https:\/\/www.robert-laroche.com\/fr\/produit\/mabel-2\/","title":{"rendered":"MABEL"},"content":{"rendered":"<table class=\"tg-ta\">\n<thead><\/thead>\n<tbody>\n<tr>\n<td class=\"tg-0pky\" style=\"font-weight: bold; width: 250px;\">Couleur du cadre:<\/td>\n<td class=\"tg-0lax\">Noir + or<\/td>\n<\/tr>\n<tr>\n<td class=\"tg-0lax\" style=\"font-weight: bold; width: 250px;\">Couleur du verre:<\/td>\n<td class=\"tg-0lax\">Transparent<\/td>\n<\/tr>\n<tr>\n<td class=\"tg-0lax\" style=\"font-weight: bold; width: 250px;\">Taille:<\/td>\n<td class=\"tg-0lax\">54-20-140<\/td>\n<\/tr>\n<tr>\n<td class=\"tg-0lax\" style=\"font-weight: bold; width: 250px;\">Forme:<\/td>\n<td class=\"tg-0lax\">Carr\u00e9<\/td>\n<\/tr>\n<\/tbody>\n<\/table>","protected":false},"excerpt":{"rendered":"<p>Mabel - Les lunettes pour femmes \u00e9labor\u00e9es \u00e0 la main au Japon sont en titane pur. L\u00e9ger mais robuste, au style classique et au design saisissant, c&#39;est ainsi que Robert La Roche met des accents qui survivent \u00e0 toutes les tendances \u00e9ph\u00e9m\u00e8res.<\/p>","protected":false},"featured_media":7731,"template":"","meta":[],"product_cat":[1332,37,1161],"product_tag":[],"_links":{"self":[{"href":"https:\/\/www.robert-laroche.com\/fr\/wp-json\/wp\/v2\/product\/11398"}],"collection":[{"href":"https:\/\/www.robert-laroche.com\/fr\/wp-json\/wp\/v2\/product"}],"about":[{"href":"https:\/\/www.robert-laroche.com\/fr\/wp-json\/wp\/v2\/types\/product"}],"version-history":[{"count":11,"href":"https:\/\/www.robert-laroche.com\/fr\/wp-json\/wp\/v2\/product\/11398\/revisions"}],"predecessor-version":[{"id":19133,"href":"https:\/\/www.robert-laroche.com\/fr\/wp-json\/wp\/v2\/product\/11398\/revisions\/19133"}],"wp:featuredmedia":[{"embeddable":true,"href":"https:\/\/www.robert-laroche.com\/fr\/wp-json\/wp\/v2\/media\/7731"}],"wp:attachment":[{"href":"https:\/\/www.robert-laroche.com\/fr\/wp-json\/wp\/v2\/media?parent=11398"}],"wp:term":[{"taxonomy":"product_cat","embeddable":true,"href":"https:\/\/www.robert-laroche.com\/fr\/wp-json\/wp\/v2\/product_cat?post=11398"},{"taxonomy":"product_tag","embeddable":true,"href":"https:\/\/www.robert-laroche.com\/fr\/wp-json\/wp\/v2\/product_tag?post=11398"}],"curies":[{"name":"wp","href":"https:\/\/api.w.org\/{rel}","templated":true}]}}