{"id":11435,"date":"2020-10-18T01:02:49","date_gmt":"2020-10-18T01:02:49","guid":{"rendered":"http:\/\/www.robert-laroche.com\/produkt\/import-placeholder-for-rlrs337-01-14\/"},"modified":"2023-11-06T10:29:00","modified_gmt":"2023-11-06T10:29:00","slug":"lola","status":"publish","type":"product","link":"https:\/\/www.robert-laroche.com\/fr\/produit\/lola\/","title":{"rendered":"LOLA"},"content":{"rendered":"<table class=\"tg-ta\">\n<thead><\/thead>\n<tbody>\n<tr>\n<td class=\"tg-0pky\" style=\"font-weight:bold; width:250px;\">Couleur du cadre:<\/td>\n<td class=\"tg-0lax\">Marron<\/td>\n<\/tr>\n<tr>\n<td class=\"tg-0lax\" style=\"font-weight:bold; width:250px;\">Couleur du verre:<\/td>\n<td class=\"tg-0lax\">Rouge-marron<\/td>\n<\/tr>\n<tr>\n<td class=\"tg-0lax\" style=\"font-weight:bold; width:250px;\">Taille:<\/td>\n<td class=\"tg-0lax\">58-16-140<\/td>\n<\/tr>\n<tr>\n<td class=\"tg-0lax\" style=\"font-weight:bold; width:250px;\">Forme:<\/td>\n<td class=\"tg-0lax\">Oeil de chat<\/td>\n<\/tr>\n<\/tbody>\n<\/table>","protected":false},"excerpt":{"rendered":"<p>Lola - lunettes de soleil pour femmes en ac\u00e9tate de haute qualit\u00e9 dans sa plus belle forme, soigneusement fabriqu\u00e9es \u00e0 la main en Italie. Avec un charme subtil et une \u00e9l\u00e9gance intemporelle, la monture Robert La Roche souligne la personnalit\u00e9 et donne \u00e0 chaque instant une touche de sp\u00e9cial. Les verres solaires certifi\u00e9s Zeiss offrent une protection 100% UVA et UVB.<\/p>","protected":false},"featured_media":5600,"template":"","meta":[],"product_cat":[1332,36,1156],"product_tag":[],"_links":{"self":[{"href":"https:\/\/www.robert-laroche.com\/fr\/wp-json\/wp\/v2\/product\/11435"}],"collection":[{"href":"https:\/\/www.robert-laroche.com\/fr\/wp-json\/wp\/v2\/product"}],"about":[{"href":"https:\/\/www.robert-laroche.com\/fr\/wp-json\/wp\/v2\/types\/product"}],"version-history":[{"count":8,"href":"https:\/\/www.robert-laroche.com\/fr\/wp-json\/wp\/v2\/product\/11435\/revisions"}],"predecessor-version":[{"id":242803,"href":"https:\/\/www.robert-laroche.com\/fr\/wp-json\/wp\/v2\/product\/11435\/revisions\/242803"}],"wp:featuredmedia":[{"embeddable":true,"href":"https:\/\/www.robert-laroche.com\/fr\/wp-json\/wp\/v2\/media\/5600"}],"wp:attachment":[{"href":"https:\/\/www.robert-laroche.com\/fr\/wp-json\/wp\/v2\/media?parent=11435"}],"wp:term":[{"taxonomy":"product_cat","embeddable":true,"href":"https:\/\/www.robert-laroche.com\/fr\/wp-json\/wp\/v2\/product_cat?post=11435"},{"taxonomy":"product_tag","embeddable":true,"href":"https:\/\/www.robert-laroche.com\/fr\/wp-json\/wp\/v2\/product_tag?post=11435"}],"curies":[{"name":"wp","href":"https:\/\/api.w.org\/{rel}","templated":true}]}}