{"id":15981,"date":"2020-10-26T11:25:42","date_gmt":"2020-10-26T11:25:42","guid":{"rendered":"http:\/\/www.robert-laroche.com\/?post_type=product&#038;p=15981"},"modified":"2023-11-06T10:29:43","modified_gmt":"2023-11-06T10:29:43","slug":"ghost","status":"publish","type":"product","link":"https:\/\/www.robert-laroche.com\/fr\/produit\/ghost\/","title":{"rendered":"GHOST"},"content":{"rendered":"<table class=\"tg-ta\">\n<thead><\/thead>\n<tbody>\n<tr>\n<td class=\"tg-0pky\" style=\"font-weight: bold; width: 250px;\">Couleur du cadre:<\/td>\n<td class=\"tg-0lax\">Noir sur \u00e9caille<\/td>\n<\/tr>\n<tr>\n<td class=\"tg-0lax\" style=\"font-weight: bold; width: 250px;\">Couleur du verre:<\/td>\n<td class=\"tg-0lax\">D\u00e9grad\u00e9 marron<\/td>\n<\/tr>\n<tr>\n<td class=\"tg-0lax\" style=\"font-weight: bold; width: 250px;\">Taille:<\/td>\n<td class=\"tg-0lax\">51-23-145<\/td>\n<\/tr>\n<tr>\n<td class=\"tg-0lax\" style=\"font-weight: bold; width: 250px;\">Forme:<\/td>\n<td class=\"tg-0lax\">Ronde<\/td>\n<\/tr>\n<\/tbody>\n<\/table>","protected":false},"excerpt":{"rendered":"<p>Ghost - lunettes de soleil pour hommes en ac\u00e9tate de haute qualit\u00e9 dans leur plus belle forme, soigneusement fabriqu\u00e9es \u00e0 la main en Italie. Avec un charme subtil et une \u00e9l\u00e9gance intemporelle, la monture Robert La Roche souligne la personnalit\u00e9 et donne \u00e0 chaque instant une touche de sp\u00e9cial. Les verres solaires certifi\u00e9s Zeiss offrent une protection 100% UVA et UVB.<\/p>","protected":false},"featured_media":16369,"template":"","meta":[],"product_cat":[1332,36,1162],"product_tag":[],"_links":{"self":[{"href":"https:\/\/www.robert-laroche.com\/fr\/wp-json\/wp\/v2\/product\/15981"}],"collection":[{"href":"https:\/\/www.robert-laroche.com\/fr\/wp-json\/wp\/v2\/product"}],"about":[{"href":"https:\/\/www.robert-laroche.com\/fr\/wp-json\/wp\/v2\/types\/product"}],"version-history":[{"count":4,"href":"https:\/\/www.robert-laroche.com\/fr\/wp-json\/wp\/v2\/product\/15981\/revisions"}],"predecessor-version":[{"id":16137,"href":"https:\/\/www.robert-laroche.com\/fr\/wp-json\/wp\/v2\/product\/15981\/revisions\/16137"}],"wp:featuredmedia":[{"embeddable":true,"href":"https:\/\/www.robert-laroche.com\/fr\/wp-json\/wp\/v2\/media\/16369"}],"wp:attachment":[{"href":"https:\/\/www.robert-laroche.com\/fr\/wp-json\/wp\/v2\/media?parent=15981"}],"wp:term":[{"taxonomy":"product_cat","embeddable":true,"href":"https:\/\/www.robert-laroche.com\/fr\/wp-json\/wp\/v2\/product_cat?post=15981"},{"taxonomy":"product_tag","embeddable":true,"href":"https:\/\/www.robert-laroche.com\/fr\/wp-json\/wp\/v2\/product_tag?post=15981"}],"curies":[{"name":"wp","href":"https:\/\/api.w.org\/{rel}","templated":true}]}}