{"id":16679,"date":"2020-11-10T09:47:40","date_gmt":"2020-11-10T09:47:40","guid":{"rendered":"http:\/\/www.robert-laroche.com\/?post_type=product&#038;p=16679"},"modified":"2023-02-21T14:45:10","modified_gmt":"2023-02-21T14:45:10","slug":"sigmund","status":"publish","type":"product","link":"https:\/\/www.robert-laroche.com\/fr\/produit\/sigmund\/","title":{"rendered":"SIGMUND"},"content":{"rendered":"<table class=\"tg-ta\" style=\"width: 100%; height: 164px;\">\n<thead><\/thead>\n<tbody>\n<tr style=\"height: 41px;\">\n<td class=\"tg-0pky\" style=\"font-weight: bold; width: 250px; height: 41px;\">Couleur du cadre:<\/td>\n<td class=\"tg-0lax\" style=\"height: 41px;\">Vert<\/td>\n<\/tr>\n<tr style=\"height: 41px;\">\n<td class=\"tg-0lax\" style=\"font-weight: bold; width: 250px; height: 41px;\">Couleur du verre:<\/td>\n<td class=\"tg-0lax\" style=\"height: 41px;\">Transparent<\/td>\n<\/tr>\n<tr style=\"height: 41px;\">\n<td class=\"tg-0lax\" style=\"font-weight: bold; width: 250px; height: 41px;\">Taille:<\/td>\n<td class=\"tg-0lax\" style=\"height: 41px;\">51-21-140<\/td>\n<\/tr>\n<tr style=\"height: 41px;\">\n<td class=\"tg-0lax\" style=\"font-weight: bold; width: 250px; height: 41px;\">Forme:<\/td>\n<td class=\"tg-0lax\" style=\"height: 41px;\">Carr\u00e9<\/td>\n<\/tr>\n<\/tbody>\n<\/table>","protected":false},"excerpt":{"rendered":"<p>Sigmund - Une paire de lunettes pour femmes et hommes en ac\u00e9tate de haute qualit\u00e9 dans sa plus belle forme, soigneusement fabriqu\u00e9es \u00e0 la main en Italie. Avec un charme subtil et une \u00e9l\u00e9gance intemporelle, la collection Design Liaison Robert La Roche + Christoph Rumpf souligne la personnalit\u00e9 et donne \u00e0 chaque instant une touche de sp\u00e9cial.<\/p>","protected":false},"featured_media":16575,"template":"","meta":[],"product_cat":[1215,37,1159],"product_tag":[],"_links":{"self":[{"href":"https:\/\/www.robert-laroche.com\/fr\/wp-json\/wp\/v2\/product\/16679"}],"collection":[{"href":"https:\/\/www.robert-laroche.com\/fr\/wp-json\/wp\/v2\/product"}],"about":[{"href":"https:\/\/www.robert-laroche.com\/fr\/wp-json\/wp\/v2\/types\/product"}],"version-history":[{"count":7,"href":"https:\/\/www.robert-laroche.com\/fr\/wp-json\/wp\/v2\/product\/16679\/revisions"}],"predecessor-version":[{"id":241924,"href":"https:\/\/www.robert-laroche.com\/fr\/wp-json\/wp\/v2\/product\/16679\/revisions\/241924"}],"wp:featuredmedia":[{"embeddable":true,"href":"https:\/\/www.robert-laroche.com\/fr\/wp-json\/wp\/v2\/media\/16575"}],"wp:attachment":[{"href":"https:\/\/www.robert-laroche.com\/fr\/wp-json\/wp\/v2\/media?parent=16679"}],"wp:term":[{"taxonomy":"product_cat","embeddable":true,"href":"https:\/\/www.robert-laroche.com\/fr\/wp-json\/wp\/v2\/product_cat?post=16679"},{"taxonomy":"product_tag","embeddable":true,"href":"https:\/\/www.robert-laroche.com\/fr\/wp-json\/wp\/v2\/product_tag?post=16679"}],"curies":[{"name":"wp","href":"https:\/\/api.w.org\/{rel}","templated":true}]}}