{"id":16706,"date":"2020-11-10T11:41:33","date_gmt":"2020-11-10T11:41:33","guid":{"rendered":"http:\/\/www.robert-laroche.com\/?post_type=product&#038;p=16706"},"modified":"2024-04-22T08:26:22","modified_gmt":"2024-04-22T08:26:22","slug":"moonstruck","status":"publish","type":"product","link":"https:\/\/www.robert-laroche.com\/fr\/produit\/moonstruck\/","title":{"rendered":"MOONSTRUCK &#8211; LIMITED EDITION"},"content":{"rendered":"<p>&nbsp;<\/p>\n<table class=\"tg-ta\" style=\"width: 100%; height: 164px;\">\n<thead><\/thead>\n<tbody>\n<tr style=\"height: 41px;\">\n<td class=\"tg-0pky\" style=\"font-weight: bold; width: 250px; height: 41px;\">Couleur du cadre:<\/td>\n<td class=\"tg-0lax\" style=\"height: 41px;\">SHINY PEARL PLUM MARBLE<\/td>\n<\/tr>\n<tr style=\"height: 41px;\">\n<td class=\"tg-0lax\" style=\"font-weight: bold; width: 250px; height: 41px;\">Couleur du verre:<\/td>\n<td class=\"tg-0lax\" style=\"height: 41px;\">BRAUN MIT GLITTER<\/td>\n<\/tr>\n<tr style=\"height: 41px;\">\n<td class=\"tg-0lax\" style=\"font-weight: bold; width: 250px; height: 41px;\">Taille:<\/td>\n<td class=\"tg-0lax\" style=\"height: 41px;\">49-26-150<\/td>\n<\/tr>\n<tr style=\"height: 41px;\">\n<td class=\"tg-0lax\" style=\"font-weight: bold; width: 250px; height: 41px;\">Forme:<\/td>\n<td class=\"tg-0lax\" style=\"height: 41px;\">Oeil de chat<\/td>\n<\/tr>\n<\/tbody>\n<\/table>","protected":false},"excerpt":{"rendered":"<p>Moonstruck - limit\u00e9 \u00e0 100 pi\u00e8ces par couleur, vient toujours en combinaison avec une cha\u00eene de lunettes. C&#39;est le r\u00e9sultat \u00e9tonnant de la liaison design <strong>Collection Robert La Roche + Christoph Rumpf.<\/strong> Les lunettes de soleil en ac\u00e9tate fabriqu\u00e9es \u00e0 la main s&#39;affirment clairement en termes de style. Les verres solaires exclusifs offrent une protection UVA et UVB 100%.<\/p>","protected":false},"featured_media":16612,"template":"","meta":[],"product_cat":[1216,36,1156,1155],"product_tag":[],"_links":{"self":[{"href":"https:\/\/www.robert-laroche.com\/fr\/wp-json\/wp\/v2\/product\/16706"}],"collection":[{"href":"https:\/\/www.robert-laroche.com\/fr\/wp-json\/wp\/v2\/product"}],"about":[{"href":"https:\/\/www.robert-laroche.com\/fr\/wp-json\/wp\/v2\/types\/product"}],"version-history":[{"count":10,"href":"https:\/\/www.robert-laroche.com\/fr\/wp-json\/wp\/v2\/product\/16706\/revisions"}],"predecessor-version":[{"id":247493,"href":"https:\/\/www.robert-laroche.com\/fr\/wp-json\/wp\/v2\/product\/16706\/revisions\/247493"}],"wp:featuredmedia":[{"embeddable":true,"href":"https:\/\/www.robert-laroche.com\/fr\/wp-json\/wp\/v2\/media\/16612"}],"wp:attachment":[{"href":"https:\/\/www.robert-laroche.com\/fr\/wp-json\/wp\/v2\/media?parent=16706"}],"wp:term":[{"taxonomy":"product_cat","embeddable":true,"href":"https:\/\/www.robert-laroche.com\/fr\/wp-json\/wp\/v2\/product_cat?post=16706"},{"taxonomy":"product_tag","embeddable":true,"href":"https:\/\/www.robert-laroche.com\/fr\/wp-json\/wp\/v2\/product_tag?post=16706"}],"curies":[{"name":"wp","href":"https:\/\/api.w.org\/{rel}","templated":true}]}}