{"id":18617,"date":"2021-03-24T15:05:50","date_gmt":"2021-03-24T15:05:50","guid":{"rendered":"https:\/\/www.robert-laroche.com\/?post_type=product&#038;p=18617"},"modified":"2023-06-01T06:33:39","modified_gmt":"2023-06-01T06:33:39","slug":"federico","status":"publish","type":"product","link":"https:\/\/www.robert-laroche.com\/fr\/produit\/federico\/","title":{"rendered":"FEDERICO"},"content":{"rendered":"<table class=\"tg-ta\" style=\"width: 100%; height: 164px;\">\n<thead><\/thead>\n<tbody>\n<tr style=\"height: 41px;\">\n<td class=\"tg-0pky\" style=\"font-weight: bold; width: 250px; height: 41px;\">Couleur du cadre:<\/td>\n<td class=\"tg-0lax\" style=\"height: 41px;\">La Havane<\/td>\n<\/tr>\n<tr style=\"height: 41px;\">\n<td class=\"tg-0lax\" style=\"font-weight: bold; width: 250px; height: 41px;\">Couleur du verre:<\/td>\n<td class=\"tg-0lax\" style=\"height: 41px;\">Transparent<\/td>\n<\/tr>\n<tr style=\"height: 41px;\">\n<td class=\"tg-0lax\" style=\"font-weight: bold; width: 250px; height: 41px;\">Taille:<\/td>\n<td class=\"tg-0lax\" style=\"height: 41px;\">53-18-145<\/td>\n<\/tr>\n<tr style=\"height: 41px;\">\n<td class=\"tg-0lax\" style=\"font-weight: bold; width: 250px; height: 41px;\">Forme:<\/td>\n<td class=\"tg-0lax\" style=\"height: 41px;\">Carr\u00e9<\/td>\n<\/tr>\n<\/tbody>\n<\/table>","protected":false},"excerpt":{"rendered":"<p>Federico - une paire de lunettes pour homme de notre nouvelle collection en ac\u00e9tate dans sa plus belle forme. Con\u00e7u en Autriche, soigneusement fabriqu\u00e9 \u00e0 la main en Italie. Avec un charme subtil et une \u00e9l\u00e9gance intemporelle, il souligne le design des Deux H et donne \u00e0 chaque instant une touche de sp\u00e9cial.<\/p>","protected":false},"featured_media":240419,"template":"","meta":[],"product_cat":[1230,37,1157],"product_tag":[],"_links":{"self":[{"href":"https:\/\/www.robert-laroche.com\/fr\/wp-json\/wp\/v2\/product\/18617"}],"collection":[{"href":"https:\/\/www.robert-laroche.com\/fr\/wp-json\/wp\/v2\/product"}],"about":[{"href":"https:\/\/www.robert-laroche.com\/fr\/wp-json\/wp\/v2\/types\/product"}],"version-history":[{"count":7,"href":"https:\/\/www.robert-laroche.com\/fr\/wp-json\/wp\/v2\/product\/18617\/revisions"}],"predecessor-version":[{"id":240433,"href":"https:\/\/www.robert-laroche.com\/fr\/wp-json\/wp\/v2\/product\/18617\/revisions\/240433"}],"wp:featuredmedia":[{"embeddable":true,"href":"https:\/\/www.robert-laroche.com\/fr\/wp-json\/wp\/v2\/media\/240419"}],"wp:attachment":[{"href":"https:\/\/www.robert-laroche.com\/fr\/wp-json\/wp\/v2\/media?parent=18617"}],"wp:term":[{"taxonomy":"product_cat","embeddable":true,"href":"https:\/\/www.robert-laroche.com\/fr\/wp-json\/wp\/v2\/product_cat?post=18617"},{"taxonomy":"product_tag","embeddable":true,"href":"https:\/\/www.robert-laroche.com\/fr\/wp-json\/wp\/v2\/product_tag?post=18617"}],"curies":[{"name":"wp","href":"https:\/\/api.w.org\/{rel}","templated":true}]}}