{"id":18666,"date":"2021-03-24T16:47:09","date_gmt":"2021-03-24T16:47:09","guid":{"rendered":"https:\/\/www.robert-laroche.com\/?post_type=product&#038;p=18666"},"modified":"2023-10-31T14:16:47","modified_gmt":"2023-10-31T14:16:47","slug":"bacall","status":"publish","type":"product","link":"https:\/\/www.robert-laroche.com\/fr\/produit\/bacall\/","title":{"rendered":"BACALL"},"content":{"rendered":"<table class=\"tg-ta\" style=\"width: 100%; height: 164px;\">\n<thead><\/thead>\n<tbody>\n<tr style=\"height: 41px;\">\n<td class=\"tg-0pky\" style=\"font-weight: bold; width: 250px; height: 41px;\">Couleur du cadre:<\/td>\n<td class=\"tg-0lax\" style=\"height: 41px;\">Lavender<\/td>\n<\/tr>\n<tr style=\"height: 41px;\">\n<td class=\"tg-0lax\" style=\"font-weight: bold; width: 250px; height: 41px;\">Couleur du verre:<\/td>\n<td class=\"tg-0lax\" style=\"height: 41px;\">Gradiant Violett\/Yellow<\/td>\n<\/tr>\n<tr style=\"height: 41px;\">\n<td class=\"tg-0lax\" style=\"font-weight: bold; width: 250px; height: 41px;\">Taille:<\/td>\n<td class=\"tg-0lax\" style=\"height: 41px;\">51-23-145<\/td>\n<\/tr>\n<tr style=\"height: 41px;\">\n<td class=\"tg-0lax\" style=\"font-weight: bold; width: 250px; height: 41px;\">Forme:<\/td>\n<td class=\"tg-0lax\" style=\"height: 41px;\">Oeil de chat<\/td>\n<\/tr>\n<\/tbody>\n<\/table>","protected":false},"excerpt":{"rendered":"<p>Bacall - Une lunette de soleil pour femme de notre nouvelle collection ac\u00e9tate dans sa plus belle forme. Con\u00e7u en Autriche, soigneusement fabriqu\u00e9 \u00e0 la main en Italie. Avec un charme subtil et une \u00e9l\u00e9gance intemporelle, il souligne le design des Deux H et donne \u00e0 chaque instant une touche de sp\u00e9cial.<\/p>","protected":false},"featured_media":240731,"template":"","meta":[],"product_cat":[1230,36,1156],"product_tag":[],"_links":{"self":[{"href":"https:\/\/www.robert-laroche.com\/fr\/wp-json\/wp\/v2\/product\/18666"}],"collection":[{"href":"https:\/\/www.robert-laroche.com\/fr\/wp-json\/wp\/v2\/product"}],"about":[{"href":"https:\/\/www.robert-laroche.com\/fr\/wp-json\/wp\/v2\/types\/product"}],"version-history":[{"count":4,"href":"https:\/\/www.robert-laroche.com\/fr\/wp-json\/wp\/v2\/product\/18666\/revisions"}],"predecessor-version":[{"id":240827,"href":"https:\/\/www.robert-laroche.com\/fr\/wp-json\/wp\/v2\/product\/18666\/revisions\/240827"}],"wp:featuredmedia":[{"embeddable":true,"href":"https:\/\/www.robert-laroche.com\/fr\/wp-json\/wp\/v2\/media\/240731"}],"wp:attachment":[{"href":"https:\/\/www.robert-laroche.com\/fr\/wp-json\/wp\/v2\/media?parent=18666"}],"wp:term":[{"taxonomy":"product_cat","embeddable":true,"href":"https:\/\/www.robert-laroche.com\/fr\/wp-json\/wp\/v2\/product_cat?post=18666"},{"taxonomy":"product_tag","embeddable":true,"href":"https:\/\/www.robert-laroche.com\/fr\/wp-json\/wp\/v2\/product_tag?post=18666"}],"curies":[{"name":"wp","href":"https:\/\/api.w.org\/{rel}","templated":true}]}}