{"id":18678,"date":"2023-01-30T09:59:39","date_gmt":"2023-01-30T09:59:39","guid":{"rendered":"https:\/\/www.robert-laroche.com\/?post_type=product&#038;p=18678"},"modified":"2024-02-22T14:20:50","modified_gmt":"2024-02-22T14:20:50","slug":"francis-sun","status":"publish","type":"product","link":"https:\/\/www.robert-laroche.com\/fr\/produit\/francis-sun\/","title":{"rendered":"FRANCIS"},"content":{"rendered":"<table class=\"tg-ta\" style=\"width: 100%;height: 164px\">\n<thead><\/thead>\n<tbody>\n<tr style=\"height: 41px\">\n<td class=\"tg-0pky\" style=\"font-weight: bold;width: 250px;height: 41px\">Couleur du cadre:<\/td>\n<td class=\"tg-0lax\" style=\"height: 41px\">Choco-Chip Havana<\/td>\n<\/tr>\n<tr style=\"height: 41px\">\n<td class=\"tg-0lax\" style=\"font-weight: bold;width: 250px;height: 41px\">Couleur du verre:<\/td>\n<td class=\"tg-0lax\" style=\"height: 41px\">Mono Brown<\/td>\n<\/tr>\n<tr style=\"height: 41px\">\n<td class=\"tg-0lax\" style=\"font-weight: bold;width: 250px;height: 41px\">Taille:<\/td>\n<td class=\"tg-0lax\" style=\"height: 41px\">51-21-145<\/td>\n<\/tr>\n<tr style=\"height: 41px\">\n<td class=\"tg-0lax\" style=\"font-weight: bold;width: 250px;height: 41px\">Forme:<\/td>\n<td class=\"tg-0lax\" style=\"height: 41px\">Pantos<\/td>\n<\/tr>\n<\/tbody>\n<\/table>","protected":false},"excerpt":{"rendered":"<p>Francis- Une paire de lunettes de soleil pour femmes et hommes de notre nouvelle collection de lunettes de soleil en ac\u00e9tate dans sa plus belle forme. Con\u00e7u en Autriche, soigneusement fabriqu\u00e9 \u00e0 la main en Italie. Avec un charme subtil et une \u00e9l\u00e9gance intemporelle, il souligne le design des Deux H et donne \u00e0 chaque instant une touche de sp\u00e9cial.<\/p>","protected":false},"featured_media":240638,"template":"","meta":[],"product_cat":[1230,36,1162,1156,1155],"product_tag":[],"_links":{"self":[{"href":"https:\/\/www.robert-laroche.com\/fr\/wp-json\/wp\/v2\/product\/18678"}],"collection":[{"href":"https:\/\/www.robert-laroche.com\/fr\/wp-json\/wp\/v2\/product"}],"about":[{"href":"https:\/\/www.robert-laroche.com\/fr\/wp-json\/wp\/v2\/types\/product"}],"version-history":[{"count":4,"href":"https:\/\/www.robert-laroche.com\/fr\/wp-json\/wp\/v2\/product\/18678\/revisions"}],"predecessor-version":[{"id":240846,"href":"https:\/\/www.robert-laroche.com\/fr\/wp-json\/wp\/v2\/product\/18678\/revisions\/240846"}],"wp:featuredmedia":[{"embeddable":true,"href":"https:\/\/www.robert-laroche.com\/fr\/wp-json\/wp\/v2\/media\/240638"}],"wp:attachment":[{"href":"https:\/\/www.robert-laroche.com\/fr\/wp-json\/wp\/v2\/media?parent=18678"}],"wp:term":[{"taxonomy":"product_cat","embeddable":true,"href":"https:\/\/www.robert-laroche.com\/fr\/wp-json\/wp\/v2\/product_cat?post=18678"},{"taxonomy":"product_tag","embeddable":true,"href":"https:\/\/www.robert-laroche.com\/fr\/wp-json\/wp\/v2\/product_tag?post=18678"}],"curies":[{"name":"wp","href":"https:\/\/api.w.org\/{rel}","templated":true}]}}