{"id":202912,"date":"2021-09-23T13:44:08","date_gmt":"2021-09-23T13:44:08","guid":{"rendered":"https:\/\/www.robert-laroche.com\/produkt\/brigitte-copy\/"},"modified":"2023-10-31T14:16:33","modified_gmt":"2023-10-31T14:16:33","slug":"callas","status":"publish","type":"product","link":"https:\/\/www.robert-laroche.com\/fr\/produit\/callas\/","title":{"rendered":"CALLAS"},"content":{"rendered":"<table class=\"tg-ta\" style=\"width: 100%; height: 164px;\">\n<thead><\/thead>\n<tbody>\n<tr style=\"height: 41px;\">\n<td class=\"tg-0pky\" style=\"font-weight: bold; width: 250px; height: 41px;\">Couleur du cadre:<\/td>\n<td class=\"tg-0lax\" style=\"height: 41px;\">Navy Blue<\/td>\n<\/tr>\n<tr style=\"height: 41px;\">\n<td class=\"tg-0lax\" style=\"font-weight: bold; width: 250px; height: 41px;\">Couleur du verre:<\/td>\n<td class=\"tg-0lax\" style=\"height: 41px;\">Gradiant Blue + Gold Flash<\/td>\n<\/tr>\n<tr style=\"height: 41px;\">\n<td class=\"tg-0lax\" style=\"font-weight: bold; width: 250px; height: 41px;\">Taille:<\/td>\n<td class=\"tg-0lax\" style=\"height: 41px;\">49-24-145<\/td>\n<\/tr>\n<tr style=\"height: 41px;\">\n<td class=\"tg-0lax\" style=\"font-weight: bold; width: 250px; height: 41px;\">Forme:<\/td>\n<td class=\"tg-0lax\" style=\"height: 41px;\">papillon<\/td>\n<\/tr>\n<\/tbody>\n<\/table>\n<p>&nbsp;<\/p>","protected":false},"excerpt":{"rendered":"<p>Callas &#8211; Eine Damen Sonnenbrille aus unserer neuen Acetat Sonnenbrillen-Kollektion in seiner sch\u00f6nsten Form. Designt in \u00d6sterreich, hergestellt in sorgf\u00e4ltiger Handarbeit in Italien. Mit subtilem Charme und zeitloser Eleganz unterstreicht es das Design der Les Deux H und verleiht jedem Augenblick den Hauch des Besonderen.<\/p>","protected":false},"featured_media":240733,"template":"","meta":[],"product_cat":[1230,36,1156],"product_tag":[],"_links":{"self":[{"href":"https:\/\/www.robert-laroche.com\/fr\/wp-json\/wp\/v2\/product\/202912"}],"collection":[{"href":"https:\/\/www.robert-laroche.com\/fr\/wp-json\/wp\/v2\/product"}],"about":[{"href":"https:\/\/www.robert-laroche.com\/fr\/wp-json\/wp\/v2\/types\/product"}],"version-history":[{"count":4,"href":"https:\/\/www.robert-laroche.com\/fr\/wp-json\/wp\/v2\/product\/202912\/revisions"}],"predecessor-version":[{"id":240840,"href":"https:\/\/www.robert-laroche.com\/fr\/wp-json\/wp\/v2\/product\/202912\/revisions\/240840"}],"wp:featuredmedia":[{"embeddable":true,"href":"https:\/\/www.robert-laroche.com\/fr\/wp-json\/wp\/v2\/media\/240733"}],"wp:attachment":[{"href":"https:\/\/www.robert-laroche.com\/fr\/wp-json\/wp\/v2\/media?parent=202912"}],"wp:term":[{"taxonomy":"product_cat","embeddable":true,"href":"https:\/\/www.robert-laroche.com\/fr\/wp-json\/wp\/v2\/product_cat?post=202912"},{"taxonomy":"product_tag","embeddable":true,"href":"https:\/\/www.robert-laroche.com\/fr\/wp-json\/wp\/v2\/product_tag?post=202912"}],"curies":[{"name":"wp","href":"https:\/\/api.w.org\/{rel}","templated":true}]}}