{"id":238922,"date":"2022-11-24T14:43:09","date_gmt":"2022-11-24T14:43:09","guid":{"rendered":"https:\/\/www.robert-laroche.com\/produkt\/knoxv2-copy\/"},"modified":"2024-05-13T06:36:24","modified_gmt":"2024-05-13T06:36:24","slug":"panthera","status":"publish","type":"product","link":"https:\/\/www.robert-laroche.com\/fr\/produit\/panthera\/","title":{"rendered":"PANTHERA"},"content":{"rendered":"<table class=\"tg-ta\" style=\"width: 100%; height: 164px;\">\n<thead><\/thead>\n<tbody>\n<tr style=\"height: 41px;\">\n<td class=\"tg-0pky\" style=\"font-weight: bold; width: 250px; height: 41px;\">Couleur du cadre:<\/td>\n<td class=\"tg-0lax\" style=\"height: 41px;\">SHINY BLACK<\/td>\n<\/tr>\n<tr style=\"height: 41px;\">\n<td class=\"tg-0lax\" style=\"font-weight: bold; width: 250px; height: 41px;\">Couleur du verre:<\/td>\n<td class=\"tg-0lax\" style=\"height: 41px;\">MONO SMOKE<\/td>\n<\/tr>\n<tr style=\"height: 41px;\">\n<td class=\"tg-0lax\" style=\"font-weight: bold; width: 250px; height: 41px;\">Taille:<\/td>\n<td class=\"tg-0lax\" style=\"height: 41px;\">48-25-145<\/td>\n<\/tr>\n<tr style=\"height: 41px;\">\n<td class=\"tg-0lax\" style=\"font-weight: bold; width: 250px; height: 41px;\">Forme:<\/td>\n<td class=\"tg-0lax\" style=\"height: 41px;\">OVAL<\/td>\n<\/tr>\n<\/tbody>\n<\/table>","protected":false},"excerpt":{"rendered":"<p>Die Panthera steht f\u00fcr das animalische im Menschen &#8211; geeignet f\u00fcr Herren &amp; Damen ist die Sonnenbrille aus hochwertigem Acetat in seiner sch\u00f6nsten Form, hergestellt in sorgf\u00e4ltiger Handarbeit in Italien. Mit subtilem Charme und zeitloser Eleganz unterstreicht die Design Liaison Robert La Roche + Christoph Rumpf Kollektion die Pers\u00f6nlichkeit und verleiht jedem Augenblick den Hauch des Besonderen.<\/p>","protected":false},"featured_media":242644,"template":"","meta":[],"product_cat":[1215,1216,36,1162,1156,1155],"product_tag":[],"_links":{"self":[{"href":"https:\/\/www.robert-laroche.com\/fr\/wp-json\/wp\/v2\/product\/238922"}],"collection":[{"href":"https:\/\/www.robert-laroche.com\/fr\/wp-json\/wp\/v2\/product"}],"about":[{"href":"https:\/\/www.robert-laroche.com\/fr\/wp-json\/wp\/v2\/types\/product"}],"version-history":[{"count":4,"href":"https:\/\/www.robert-laroche.com\/fr\/wp-json\/wp\/v2\/product\/238922\/revisions"}],"predecessor-version":[{"id":247494,"href":"https:\/\/www.robert-laroche.com\/fr\/wp-json\/wp\/v2\/product\/238922\/revisions\/247494"}],"wp:featuredmedia":[{"embeddable":true,"href":"https:\/\/www.robert-laroche.com\/fr\/wp-json\/wp\/v2\/media\/242644"}],"wp:attachment":[{"href":"https:\/\/www.robert-laroche.com\/fr\/wp-json\/wp\/v2\/media?parent=238922"}],"wp:term":[{"taxonomy":"product_cat","embeddable":true,"href":"https:\/\/www.robert-laroche.com\/fr\/wp-json\/wp\/v2\/product_cat?post=238922"},{"taxonomy":"product_tag","embeddable":true,"href":"https:\/\/www.robert-laroche.com\/fr\/wp-json\/wp\/v2\/product_tag?post=238922"}],"curies":[{"name":"wp","href":"https:\/\/api.w.org\/{rel}","templated":true}]}}