{"id":239013,"date":"2022-12-20T15:29:10","date_gmt":"2022-12-20T15:29:10","guid":{"rendered":"https:\/\/www.robert-laroche.com\/?post_type=product&#038;p=239013"},"modified":"2023-03-08T08:56:59","modified_gmt":"2023-03-08T08:56:59","slug":"jean-louis","status":"publish","type":"product","link":"https:\/\/www.robert-laroche.com\/fr\/produit\/jean-louis\/","title":{"rendered":"JEAN LOUIS"},"content":{"rendered":"<table class=\"tg-ta\" style=\"width: 100%; height: 164px;\">\n<thead><\/thead>\n<tbody>\n<tr style=\"height: 41px;\">\n<td class=\"tg-0pky\" style=\"font-weight: bold; width: 250px; height: 41px;\">Couleur du cadre:<\/td>\n<td class=\"tg-0lax\" style=\"height: 41px;\">SCHWARZ<\/td>\n<\/tr>\n<tr style=\"height: 41px;\">\n<td class=\"tg-0lax\" style=\"font-weight: bold; width: 250px; height: 41px;\">Couleur du verre:<\/td>\n<td class=\"tg-0lax\" style=\"height: 41px;\">TRANSPARENT<\/td>\n<\/tr>\n<tr style=\"height: 41px;\">\n<td class=\"tg-0lax\" style=\"font-weight: bold; width: 250px; height: 41px;\">Taille:<\/td>\n<td class=\"tg-0lax\" style=\"height: 41px;\">49-21-145<\/td>\n<\/tr>\n<tr style=\"height: 41px;\">\n<td class=\"tg-0lax\" style=\"font-weight: bold; width: 250px; height: 41px;\">Forme:<\/td>\n<td class=\"tg-0lax\" style=\"height: 41px;\">SQUARE<\/td>\n<\/tr>\n<\/tbody>\n<\/table>","protected":false},"excerpt":{"rendered":"<p>Jean Claude \u00fcberzeugt mit seinem klassischen und hochwertigen Look. Diese Fassung ist aus hochwertigem Acetat in seiner sch\u00f6nsten Form, hergestellt in sorgf\u00e4ltiger Handarbeit in Italien. Mit subtilem Charme und zeitloser Eleganz unterstreicht die Design Liaison Robert La Roche + Les Deux H Kollektion die Pers\u00f6nlichkeit und verleiht jedem Augenblick den Hauch des Besonderen.<\/p>","protected":false},"featured_media":239020,"template":"","meta":[],"product_cat":[1230,37,1159],"product_tag":[],"_links":{"self":[{"href":"https:\/\/www.robert-laroche.com\/fr\/wp-json\/wp\/v2\/product\/239013"}],"collection":[{"href":"https:\/\/www.robert-laroche.com\/fr\/wp-json\/wp\/v2\/product"}],"about":[{"href":"https:\/\/www.robert-laroche.com\/fr\/wp-json\/wp\/v2\/types\/product"}],"version-history":[{"count":3,"href":"https:\/\/www.robert-laroche.com\/fr\/wp-json\/wp\/v2\/product\/239013\/revisions"}],"predecessor-version":[{"id":240603,"href":"https:\/\/www.robert-laroche.com\/fr\/wp-json\/wp\/v2\/product\/239013\/revisions\/240603"}],"wp:featuredmedia":[{"embeddable":true,"href":"https:\/\/www.robert-laroche.com\/fr\/wp-json\/wp\/v2\/media\/239020"}],"wp:attachment":[{"href":"https:\/\/www.robert-laroche.com\/fr\/wp-json\/wp\/v2\/media?parent=239013"}],"wp:term":[{"taxonomy":"product_cat","embeddable":true,"href":"https:\/\/www.robert-laroche.com\/fr\/wp-json\/wp\/v2\/product_cat?post=239013"},{"taxonomy":"product_tag","embeddable":true,"href":"https:\/\/www.robert-laroche.com\/fr\/wp-json\/wp\/v2\/product_tag?post=239013"}],"curies":[{"name":"wp","href":"https:\/\/api.w.org\/{rel}","templated":true}]}}