{"id":239143,"date":"2022-11-25T08:11:58","date_gmt":"2022-11-25T08:11:58","guid":{"rendered":"https:\/\/www.robert-laroche.com\/produkt\/lada-copy\/"},"modified":"2023-11-06T10:30:58","modified_gmt":"2023-11-06T10:30:58","slug":"lada-2","status":"publish","type":"product","link":"https:\/\/www.robert-laroche.com\/fr\/produit\/lada-2\/","title":{"rendered":"LADA"},"content":{"rendered":"<table class=\"tg-ta\">\n<thead><\/thead>\n<tbody>\n<tr>\n<td class=\"tg-0pky\" style=\"font-weight: bold; width: 250px;\">Couleur du cadre:<\/td>\n<td class=\"tg-0lax\">Rose + Gold<\/td>\n<\/tr>\n<tr>\n<td class=\"tg-0lax\" style=\"font-weight: bold; width: 250px;\">Couleur du verre:<\/td>\n<td class=\"tg-0lax\">Transparent <\/td>\n<\/tr>\n<tr>\n<td class=\"tg-0lax\" style=\"font-weight: bold; width: 250px;\">Taille:<\/td>\n<td class=\"tg-0lax\">53-18-140<\/td>\n<\/tr>\n<tr>\n<td class=\"tg-0lax\" style=\"font-weight: bold; width: 250px;\">Forme:<\/td>\n<td class=\"tg-0lax\">Pantos<\/td>\n<\/tr>\n<\/tbody>\n<\/table>","protected":false},"excerpt":{"rendered":"<p>Lada - Les lunettes de soleil pour femmes fabriqu\u00e9es \u00e0 la main au Japon sont en titane pur. L\u00e9ger mais robuste, au style classique et au design saisissant, c&#39;est ainsi que Robert La Roche met des accents qui survivent \u00e0 toutes les tendances \u00e9ph\u00e9m\u00e8res. Les verres solaires certifi\u00e9s Zeiss offrent une protection 100% UVA et UVB.<\/p>","protected":false},"featured_media":5594,"template":"","meta":[],"product_cat":[1332,36,1156],"product_tag":[],"_links":{"self":[{"href":"https:\/\/www.robert-laroche.com\/fr\/wp-json\/wp\/v2\/product\/239143"}],"collection":[{"href":"https:\/\/www.robert-laroche.com\/fr\/wp-json\/wp\/v2\/product"}],"about":[{"href":"https:\/\/www.robert-laroche.com\/fr\/wp-json\/wp\/v2\/types\/product"}],"version-history":[{"count":2,"href":"https:\/\/www.robert-laroche.com\/fr\/wp-json\/wp\/v2\/product\/239143\/revisions"}],"predecessor-version":[{"id":239146,"href":"https:\/\/www.robert-laroche.com\/fr\/wp-json\/wp\/v2\/product\/239143\/revisions\/239146"}],"wp:featuredmedia":[{"embeddable":true,"href":"https:\/\/www.robert-laroche.com\/fr\/wp-json\/wp\/v2\/media\/5594"}],"wp:attachment":[{"href":"https:\/\/www.robert-laroche.com\/fr\/wp-json\/wp\/v2\/media?parent=239143"}],"wp:term":[{"taxonomy":"product_cat","embeddable":true,"href":"https:\/\/www.robert-laroche.com\/fr\/wp-json\/wp\/v2\/product_cat?post=239143"},{"taxonomy":"product_tag","embeddable":true,"href":"https:\/\/www.robert-laroche.com\/fr\/wp-json\/wp\/v2\/product_tag?post=239143"}],"curies":[{"name":"wp","href":"https:\/\/api.w.org\/{rel}","templated":true}]}}