{"id":247183,"date":"2024-03-20T11:56:17","date_gmt":"2024-03-20T11:56:17","guid":{"rendered":"https:\/\/www.robert-laroche.com\/?post_type=product&#038;p=247183"},"modified":"2024-05-13T07:54:52","modified_gmt":"2024-05-13T07:54:52","slug":"claire","status":"publish","type":"product","link":"https:\/\/www.robert-laroche.com\/fr\/produit\/claire\/","title":{"rendered":"CLAIRE"},"content":{"rendered":"<table class=\"tg-ta\" style=\"width: 100%; height: 164px;\">\n<tbody>\n<tr style=\"height: 41px;\">\n<td class=\"tg-0pky\" style=\"font-weight: bold; width: 21.7334%; height: 41px;\">Couleur du cadre:<\/td>\n<td class=\"tg-0lax\" style=\"height: 41px; width: 78.1333%;\"><span class=\"OYPEnA text-decoration-none text-strikethrough-none\">SHINY TRANSPARENT DARK GREY<\/span><\/td>\n<\/tr>\n<tr style=\"height: 41px;\">\n<td class=\"tg-0lax\" style=\"font-weight: bold; width: 21.7334%; height: 41px;\">Couleur du verre:<\/td>\n<td class=\"tg-0lax\" style=\"height: 41px; width: 78.1333%;\">TRANSPARENT<\/td>\n<\/tr>\n<tr style=\"height: 41px;\">\n<td class=\"tg-0lax\" style=\"font-weight: bold; width: 21.7334%; height: 41px;\">Taille:<\/td>\n<td style=\"width: 78.1333%;\" width=\"101\">49-24-145<\/td>\n<\/tr>\n<tr style=\"height: 41px;\">\n<td class=\"tg-0lax\" style=\"font-weight: bold; width: 21.7334%; height: 41px;\">Forme:<\/td>\n<td class=\"tg-0lax\" style=\"height: 41px; width: 78.1333%;\">ROUND<\/td>\n<\/tr>\n<\/tbody>\n<\/table>","protected":false},"excerpt":{"rendered":"<p>Eine Damen Brille aus unserer neuen Acetat Kollektion in seiner sch\u00f6nsten Form. Designt in \u00d6sterreich, hergestellt in sorgf\u00e4ltiger Handarbeit in Italien. Mit subtilem Charme und zeitloser Eleganz unterstreicht es das Design der Les Deux H und verleiht jedem Augenblick den Hauch des Besonderen<\/p>","protected":false},"featured_media":247202,"template":"","meta":[],"product_cat":[1230,39,37,1168,1161],"product_tag":[],"_links":{"self":[{"href":"https:\/\/www.robert-laroche.com\/fr\/wp-json\/wp\/v2\/product\/247183"}],"collection":[{"href":"https:\/\/www.robert-laroche.com\/fr\/wp-json\/wp\/v2\/product"}],"about":[{"href":"https:\/\/www.robert-laroche.com\/fr\/wp-json\/wp\/v2\/types\/product"}],"version-history":[{"count":3,"href":"https:\/\/www.robert-laroche.com\/fr\/wp-json\/wp\/v2\/product\/247183\/revisions"}],"predecessor-version":[{"id":247233,"href":"https:\/\/www.robert-laroche.com\/fr\/wp-json\/wp\/v2\/product\/247183\/revisions\/247233"}],"wp:featuredmedia":[{"embeddable":true,"href":"https:\/\/www.robert-laroche.com\/fr\/wp-json\/wp\/v2\/media\/247202"}],"wp:attachment":[{"href":"https:\/\/www.robert-laroche.com\/fr\/wp-json\/wp\/v2\/media?parent=247183"}],"wp:term":[{"taxonomy":"product_cat","embeddable":true,"href":"https:\/\/www.robert-laroche.com\/fr\/wp-json\/wp\/v2\/product_cat?post=247183"},{"taxonomy":"product_tag","embeddable":true,"href":"https:\/\/www.robert-laroche.com\/fr\/wp-json\/wp\/v2\/product_tag?post=247183"}],"curies":[{"name":"wp","href":"https:\/\/api.w.org\/{rel}","templated":true}]}}